{"id":1008,"date":"2018-09-25T18:09:26","date_gmt":"2018-09-25T16:09:26","guid":{"rendered":"http:\/\/www.rr-sanjo.de\/?page_id=1008"},"modified":"2020-08-23T11:31:23","modified_gmt":"2020-08-23T09:31:23","slug":"a-wurfplanung","status":"publish","type":"page","link":"https:\/\/www.mavinga.de\/?page_id=1008","title":{"rendered":"A Wurf &#8211; AVENGERS"},"content":{"rendered":"<p>&nbsp;<\/p>\n<p><img loading=\"lazy\" class=\"size-full wp-image-1512 alignnone\" src=\"http:\/\/www.mavinga.de\/wp-content\/uploads\/118001072_355882729144800_5634858931707208226_n.jpg\" alt=\"\" width=\"2048\" height=\"1517\" srcset=\"https:\/\/www.mavinga.de\/wp-content\/uploads\/118001072_355882729144800_5634858931707208226_n.jpg 2048w, https:\/\/www.mavinga.de\/wp-content\/uploads\/118001072_355882729144800_5634858931707208226_n-768x569.jpg 768w, https:\/\/www.mavinga.de\/wp-content\/uploads\/118001072_355882729144800_5634858931707208226_n-1536x1138.jpg 1536w\" sizes=\"(max-width: 2048px) 100vw, 2048px\" \/><\/p>\n<p style=\"text-align: center;\">Mit dem<\/p>\n<p style=\"text-align: center;\"><strong>MAVINGA A Wurf &#8211; AVENGERS<\/strong><\/p>\n<p style=\"text-align: center;\">ging ein lang gehegter Traum in Erf\u00fcllung.<\/p>\n<p style=\"text-align: center;\">Nachdem wir jahrelang Erfahrungen in der RR Haltung und auch Zucht gesammelt haben, ist es nun soweit:<\/p>\n<p style=\"text-align: center;\">der MAVINGA A Wurf,\u00a0 unsere\u00a0 &#8222;AVENGERS&#8220; &#8211; sind unterwegs, wir freuen uns sehr!<\/p>\n<p style=\"text-align: center;\">Wir wollten unserem A Wurf gerne ein Thema geben, und haben uns f\u00fcr die AVENGERS entschieden.<\/p>\n<p><img loading=\"lazy\" class=\"size-medium wp-image-1204 aligncenter\" style=\"clear: both; color: #2b2b2b; display: block; font-family: Lato,sans-serif; font-size: 16px; font-style: normal; font-variant: normal; font-weight: 400; height: auto; letter-spacing: normal; max-width: 100%; orphans: 2; outline-color: #72777c; outline-style: solid; outline-width: 1px; text-align: left; text-decoration: none; text-indent: 0px; text-transform: none; vertical-align: middle; -webkit-text-stroke-width: 0px; white-space: normal; word-spacing: 0px; margin: 7px auto 7px auto;\" src=\"http:\/\/www.mavinga.de\/wp-content\/uploads\/2019_ad_bettina-250x300.jpg\" alt=\"\" width=\"250\" height=\"300\" srcset=\"https:\/\/www.mavinga.de\/wp-content\/uploads\/2019_ad_bettina-250x300.jpg 250w, https:\/\/www.mavinga.de\/wp-content\/uploads\/2019_ad_bettina-853x1024.jpg 853w, https:\/\/www.mavinga.de\/wp-content\/uploads\/2019_ad_bettina-768x922.jpg 768w, https:\/\/www.mavinga.de\/wp-content\/uploads\/2019_ad_bettina-1279x1536.jpg 1279w, https:\/\/www.mavinga.de\/wp-content\/uploads\/2019_ad_bettina.jpg 1500w\" sizes=\"(max-width: 250px) 100vw, 250px\" \/><b><\/b><i><\/i><u><\/u><\/p>\n<p style=\"text-align: center;\"><i>Zu den Hunden<\/i><\/p>\n<p style=\"text-align: center;\"><em>Sanjo<\/em> ist ein rotweizener, souver\u00e4ner und ausgeglichener R\u00fcde, der in der Hundeschule beim Training mit unsicheren Hunden eingesetzt wird. Zudem ist er menschenbezogen und\u00a0absolut nervenstark, bzw. wesenstark.<\/p>\n<p style=\"text-align: center;\">Er zeigt keinerlei Jagdambitionen. Er kann durch seine bisherigen Nachzuchten zeigen, dass er nicht nur sein ausgeglichenes und liebes Wesen weitergibt, sondern auch seine Qualit\u00e4ten als Zuchtr\u00fcde.<\/p>\n<p style=\"text-align: center;\"><em>Bhavani<\/em> ist eine weizenfarbene, aufgeschlossene und freundliche H\u00fcndin, die neugierig und sehr menschenbezogen und verschmust ist.<\/p>\n<p style=\"text-align: center;\">Sie ist immer fr\u00f6hlich und \u00e4u\u00dferst sozialkompetent. Auch sie hilft unsicheren Hunden beim Training in der Hundeschule.<\/p>\n<p style=\"text-align: center;\">Sie ist etwas ganz <em>besonderes<\/em>, nicht nur f\u00fcr uns, sondern auch als Zuchth\u00fcndin.<\/p>\n<p style=\"text-align: center;\">Ihr Stammbaum ist in Deutschland einzigartig in der Zucht und beinhaltet unter anderem kanadische und amerikanische Linien.<\/p>\n<p style=\"text-align: center;\">Dieser Wurf wird somit ein ganz<em> spezieller<\/em> Wurf in allen Belangen.<\/p>\n<p style=\"text-align: center;\">Sanjo und Bhavani werden sich nicht nur hervorragend im Wesen erg\u00e4nzen, sondern auch im Exterieur.<\/p>\n<p style=\"text-align: center;\">Wir erhoffen uns aus dieser Verbindung typische, verhaltenssichere Welpen.<\/p>\n<p style=\"text-align: center;\">Beide Hunde haben die Begleithundepr\u00fcfung inkl. Wesenstest(VDH)\u00a0 und begleiten uns im Alltag, sei es der\u00a0 Biergarten, das\u00a0 Restaurant oder Familienfeste.<\/p>\n<p style=\"text-align: center;\">Wir legen viel Wert darauf, dass jeder Welpe den geeigneten Besitzer findet, wir werden versuchen, unsere Welpen und zuk\u00fcnftige Besitzer nach bestem Gewissen und passenden Charaktereigenschaften auszuw\u00e4hlen.<\/p>\n<p>&nbsp;<\/p>\n<p style=\"text-align: center;\"><a href=\"http:\/\/www.mavinga.de\/wp-content\/uploads\/Mavinga-A-Wurf-Pedigree.pdf\">Mavinga A Wurf Pedigree<\/a> ( pdf)<\/p>\n<p>&nbsp;<\/p>\n<p><img loading=\"lazy\" class=\"size-full wp-image-1235 alignnone\" src=\"http:\/\/www.mavinga.de\/wp-content\/uploads\/Pedigree-A-Wurf0002.jpg\" alt=\"\" width=\"2085\" height=\"1395\" srcset=\"https:\/\/www.mavinga.de\/wp-content\/uploads\/Pedigree-A-Wurf0002.jpg 2085w, https:\/\/www.mavinga.de\/wp-content\/uploads\/Pedigree-A-Wurf0002-768x514.jpg 768w, https:\/\/www.mavinga.de\/wp-content\/uploads\/Pedigree-A-Wurf0002-1536x1028.jpg 1536w, https:\/\/www.mavinga.de\/wp-content\/uploads\/Pedigree-A-Wurf0002-2048x1370.jpg 2048w\" sizes=\"(max-width: 2085px) 100vw, 2085px\" \/><\/p>\n<p>&nbsp;<\/p>\n<p>&nbsp;<\/p>\n<p>&nbsp;<\/p>\n<p>&nbsp;<\/p>\n<p>&nbsp;<\/p>\n","protected":false},"excerpt":{"rendered":"<p>&nbsp; Mit dem MAVINGA A Wurf &#8211; AVENGERS ging ein lang gehegter Traum in Erf\u00fcllung. Nachdem wir jahrelang Erfahrungen in der RR Haltung und auch Zucht gesammelt haben, ist es nun soweit: der MAVINGA A Wurf,\u00a0 unsere\u00a0 &#8222;AVENGERS&#8220; &#8211; sind unterwegs, wir freuen uns sehr! Wir wollten unserem A Wurf gerne ein Thema geben, und &hellip; <a href=\"https:\/\/www.mavinga.de\/?page_id=1008\" class=\"more-link\"><span class=\"screen-reader-text\">A Wurf &#8211; AVENGERS<\/span> weiterlesen <span class=\"meta-nav\">&rarr;<\/span><\/a><\/p>\n","protected":false},"author":1,"featured_media":0,"parent":0,"menu_order":0,"comment_status":"closed","ping_status":"closed","template":"","meta":[],"_links":{"self":[{"href":"https:\/\/www.mavinga.de\/index.php?rest_route=\/wp\/v2\/pages\/1008"}],"collection":[{"href":"https:\/\/www.mavinga.de\/index.php?rest_route=\/wp\/v2\/pages"}],"about":[{"href":"https:\/\/www.mavinga.de\/index.php?rest_route=\/wp\/v2\/types\/page"}],"author":[{"embeddable":true,"href":"https:\/\/www.mavinga.de\/index.php?rest_route=\/wp\/v2\/users\/1"}],"replies":[{"embeddable":true,"href":"https:\/\/www.mavinga.de\/index.php?rest_route=%2Fwp%2Fv2%2Fcomments&post=1008"}],"version-history":[{"count":24,"href":"https:\/\/www.mavinga.de\/index.php?rest_route=\/wp\/v2\/pages\/1008\/revisions"}],"predecessor-version":[{"id":1521,"href":"https:\/\/www.mavinga.de\/index.php?rest_route=\/wp\/v2\/pages\/1008\/revisions\/1521"}],"wp:attachment":[{"href":"https:\/\/www.mavinga.de\/index.php?rest_route=%2Fwp%2Fv2%2Fmedia&parent=1008"}],"curies":[{"name":"wp","href":"https:\/\/api.w.org\/{rel}","templated":true}]}}