{"id":1010,"date":"2018-09-25T18:11:14","date_gmt":"2018-09-25T16:11:14","guid":{"rendered":"http:\/\/www.rr-sanjo.de\/?page_id=1010"},"modified":"2024-09-30T10:50:45","modified_gmt":"2024-09-30T08:50:45","slug":"die-rasse","status":"publish","type":"page","link":"https:\/\/www.mavinga.de\/?page_id=1010","title":{"rendered":"Die Rasse"},"content":{"rendered":"<p>Den Rassestandard laut FCI\u00a0findet ihr<a href=\"https:\/\/www.dzrr.de\/rhodesian-ridgeback\/fci-standard\"> hier<\/a> !<\/p>\n<p>Seid ihr euch wirklich sicher dass ihr einen Ridgeback wollt?<\/p>\n<p>Der Ridgeback ist tats\u00e4chlich kein Hund f\u00fcr Jedermann. Das gleich zu Beginn. Er ist kein Hund, der nebenher &#8222;l\u00e4uft&#8220;, nein, er will und muss erzogen und besch\u00e4ftigt werden. Eine Rasse, die zum selbstst\u00e4ndigem Denken und handeln gez\u00fcchtet wurde, entscheidet auch heute noch gerne selbst. Es gilt in den ersten 3 Jahren hier die Weichen zu stellen, f\u00fcr ein entspanntes und aufregendes Leben mit einem Ridgeback an eurer Seite. Es sind wundervolle Tiere, die einem so viel geben k\u00f6nnen! ABER: Seid euch bewusst, die ersten Lebensjahre eines Ridgebacks sind anstrengend. Kaum ist die Welpenzeit vorbei, rutschen die meisten direkt in die sogenannte &#8222;R\u00fcpelphase&#8220;, Pubert\u00e4t. Die einen mehr, die anderen weniger. Da werden schon mal Kissen zerlegt, W\u00e4nde angeknabbert, Tische, St\u00fchle etc. Die meisten R\u00fcden ( auch H\u00fcndinnen) fangen\u00a0an, an der Leine zu p\u00f6beln.\u00a0Das geh\u00f6rt alles dazu.<\/p>\n<p>Auch das Alleine bleiben hat schon manch Ridgeback Besitzer den letzten Nerv gekostet.\u00a0Man muss es \u00fcben, \u00fcben und nochmal \u00fcben! Aber jeder Hund ist anders und so kann es sein, dass bei Hund A alles prima l\u00e4uft und bei Hund B, bei dem exakt das gleiche ge\u00fcbt wurde, funktioniert das nicht. Deshalb ist es so wichtig, ganz individuell auf den Hund einzugehen.<\/p>\n<p>Der Ridgeback ist ein souver\u00e4ner Hund, der einiges mit in die Wiege gelegt bekommt, aber ohne Training kann das schnell zum Alptraum werden. Ein 40 kg Hund, der den Jogger anfallen will: kein Spa\u00df f\u00fcr alle Beteiligten!<\/p>\n<p>Der RR ist und bleibt ein Jagdhund mit einer gut funktionierenden Nase-die er auch einsetzen wird. Er m\u00f6chte beim Gassi gefordert werden, \u00f6des nebenherlaufen? &#8211; da sucht sich der RR schnell eine spannendere Aufgabe! Deshalb ist es uns sehr wichtig, dass unsere Hunde in sportliche H\u00e4nde kommen. Ein Laufhund will ausgelastet werden-geistig und k\u00f6rperlich!<\/p>\n<p>Einen gro\u00dfen, wendigen und starken Hund wie den RR zu f\u00fchren ist keine Kleinigkeit! Aus dem s\u00fc\u00dfen, kleinen Welpen mit der faltigen Denkerstirn wird bald\u00a0ein Kraftpaket von 30 &#8211; 50kg !<\/p>\n<p>Drum, \u00fcberlegt euch gut, ob ihr die n\u00e4chsten Jahre t\u00e4glich mit eurem Hund \u00fcben k\u00f6nnt, habt ihr die Nerven, das durchzuhalten?<\/p>\n<p>Nur wer wirklich bereit dazu ist, sich t\u00e4glich neuen Herausforderungen mit einem\u00a0Ridgeback zu stellen, bekommt auch einen.<\/p>\n<p>Und zwar genau den, den er braucht!<\/p>\n<p><img loading=\"lazy\" class=\"aligncenter size-medium wp-image-596\" src=\"http:\/\/www.rr-sanjo.de\/wp-content\/uploads\/SA-3-von-1118.-M\u00e4rz-2016-300x200.jpg\" alt=\"\" width=\"300\" height=\"200\" srcset=\"https:\/\/www.mavinga.de\/wp-content\/uploads\/SA-3-von-1118.-M\u00e4rz-2016-300x200.jpg 300w, https:\/\/www.mavinga.de\/wp-content\/uploads\/SA-3-von-1118.-M\u00e4rz-2016-1024x683.jpg 1024w\" sizes=\"(max-width: 300px) 100vw, 300px\" \/><\/p>\n","protected":false},"excerpt":{"rendered":"<p>Den Rassestandard laut FCI\u00a0findet ihr hier ! Seid ihr euch wirklich sicher dass ihr einen Ridgeback wollt? Der Ridgeback ist tats\u00e4chlich kein Hund f\u00fcr Jedermann. Das gleich zu Beginn. Er ist kein Hund, der nebenher &#8222;l\u00e4uft&#8220;, nein, er will und muss erzogen und besch\u00e4ftigt werden. Eine Rasse, die zum selbstst\u00e4ndigem Denken und handeln gez\u00fcchtet wurde, &hellip; <a href=\"https:\/\/www.mavinga.de\/?page_id=1010\" class=\"more-link\"><span class=\"screen-reader-text\">Die Rasse<\/span> weiterlesen <span class=\"meta-nav\">&rarr;<\/span><\/a><\/p>\n","protected":false},"author":1,"featured_media":0,"parent":0,"menu_order":0,"comment_status":"closed","ping_status":"closed","template":"","meta":[],"_links":{"self":[{"href":"https:\/\/www.mavinga.de\/index.php?rest_route=\/wp\/v2\/pages\/1010"}],"collection":[{"href":"https:\/\/www.mavinga.de\/index.php?rest_route=\/wp\/v2\/pages"}],"about":[{"href":"https:\/\/www.mavinga.de\/index.php?rest_route=\/wp\/v2\/types\/page"}],"author":[{"embeddable":true,"href":"https:\/\/www.mavinga.de\/index.php?rest_route=\/wp\/v2\/users\/1"}],"replies":[{"embeddable":true,"href":"https:\/\/www.mavinga.de\/index.php?rest_route=%2Fwp%2Fv2%2Fcomments&post=1010"}],"version-history":[{"count":4,"href":"https:\/\/www.mavinga.de\/index.php?rest_route=\/wp\/v2\/pages\/1010\/revisions"}],"predecessor-version":[{"id":2051,"href":"https:\/\/www.mavinga.de\/index.php?rest_route=\/wp\/v2\/pages\/1010\/revisions\/2051"}],"wp:attachment":[{"href":"https:\/\/www.mavinga.de\/index.php?rest_route=%2Fwp%2Fv2%2Fmedia&parent=1010"}],"curies":[{"name":"wp","href":"https:\/\/api.w.org\/{rel}","templated":true}]}}