{"id":11,"date":"2015-03-13T19:15:40","date_gmt":"2015-03-13T18:15:40","guid":{"rendered":"http:\/\/www.rr-sanjo.de\/neu\/?page_id=11"},"modified":"2025-04-13T13:19:22","modified_gmt":"2025-04-13T11:19:22","slug":"ueber-uns","status":"publish","type":"page","link":"https:\/\/www.mavinga.de\/?page_id=11","title":{"rendered":"\u00dcber uns"},"content":{"rendered":"<p>Wir<strong>, <\/strong>das sind mein Mann Jochen und ich, Bettina Behr und unsere 3 Ridgebacks Sanjo, Bhavani und Akia<\/p>\n<p><img loading=\"lazy\" class=\"aligncenter size-medium wp-image-1694\" src=\"http:\/\/www.mavinga.de\/wp-content\/uploads\/Hund-Shooting-Rhodesian-Ridgeback-mit-Bettina-und-Jochen-Behr_R5QC2383-3000x2001.jpg\" alt=\"\" width=\"3000\" height=\"2001\" srcset=\"https:\/\/www.mavinga.de\/wp-content\/uploads\/Hund-Shooting-Rhodesian-Ridgeback-mit-Bettina-und-Jochen-Behr_R5QC2383-3000x2001.jpg 3000w, https:\/\/www.mavinga.de\/wp-content\/uploads\/Hund-Shooting-Rhodesian-Ridgeback-mit-Bettina-und-Jochen-Behr_R5QC2383-768x512.jpg 768w, https:\/\/www.mavinga.de\/wp-content\/uploads\/Hund-Shooting-Rhodesian-Ridgeback-mit-Bettina-und-Jochen-Behr_R5QC2383-1536x1025.jpg 1536w, https:\/\/www.mavinga.de\/wp-content\/uploads\/Hund-Shooting-Rhodesian-Ridgeback-mit-Bettina-und-Jochen-Behr_R5QC2383-2048x1366.jpg 2048w\" sizes=\"(max-width: 3000px) 100vw, 3000px\" \/><\/p>\n<p>&nbsp;<\/p>\n<p>Durch meinen Mann bin ich zu der unglaublich tollen Rasse der Rhodesian Ridgebacks gekommen<strong>.<\/strong><\/p>\n<p>Wir leben im S\u00fcden Deutschlands, umgeben von Weinbergen, Wiesen und Feldern. Wir sind sehr gerne in der Natur und unsere Gegend bietet vieles zu entdecken.<\/p>\n<p>Als mein Mann und ich uns kennenlernten war, war Baghira bereits\u00a08 Jahre alt.<br \/>\nWir haben uns kennen und lieben gelernt, bis Baghira mit knapp 12 Jahren von uns ging.<br \/>\nEs dauerte seine Zeit, bis wir dar\u00fcber hinweg waren und wir uns bereit f\u00fcr einen neuen Begleiter f\u00fchlten.<\/p>\n<p>Dann ging die Suche nach einem geeigneten Z\u00fcchter los&#8230;.bis wir letztlich bei Fam. Schatterny gelandet sind.<br \/>\n( <a href=\"http:\/\/www.musambani.net\">www.musambani.net<\/a>). Wir haben die H\u00fcndin Chioma bereits vor den Welpen kennengelernt und ihr Wesen \u00fcberzeugte uns.\u00a0Der Vater sollte CH. Abuya-Balou van het Maasjesfles\u00a0sein. Er\u00a0war bekannt als absolut souver\u00e4ner R\u00fcde, der sich auch auf Ausstellungen einen Namen gemacht hatte. Die Kombination aus den Zweien \u00fcberzeugte uns, und somit stand f\u00fcr uns fest : da soll er herkommen.<\/p>\n<p>Wir besuchten unseren Sanjo w\u00e4hrend der Welpenzeit oft, mit 9 Wochen zog er dann ein unser Herr Dunkel-Blau.<\/p>\n<p>Nach und nach wuchs der Wunsch nach einem weiteren Ridgeback in uns. Wir wollten uns, vor allem Sanjo, Zeit lassen.<\/p>\n<p>Wir recherchierten und suchten lange, bis wir die f\u00fcr uns passende Verpaarung fanden. Wir wurden f\u00fcndig bei Edyta, dem Kennel Cieply Dom in Polen.<\/p>\n<p>Kurz vor Sanjos 5. Geburtstag zog dann unser kleines Ridgeback M\u00e4dchen bei uns ein. Unsere Bhavani, Frau Pink.<\/p>\n<p>DREAMGIRL BHAVANI CIEPLY DOM<\/p>\n<p>* 3.2.2017<\/p>\n<p><!-- .entry-header --><\/p>\n<div class=\"entry-content\">\n<p>Dann, Ende Mai 2020 wurde ein weiterer Traum wahr. Unsere Bhavani schenkte 6 kleinen Welpen das Leben. Es war von vornherein klar, dass ein kleines M\u00e4dchen bei uns bleiben darf, und somit wurde unser Rudel komplett. Mavinga Avengers feat. Wonderwoman AKIA bereichert nun unsere Familie. Wir freuen uns sehr und sind gespannt, was die Zukunft bringen wird.<\/p>\n<p>&nbsp;<\/p>\n<\/div>\n<p>&nbsp;<\/p>\n","protected":false},"excerpt":{"rendered":"<p>Wir, das sind mein Mann Jochen und ich, Bettina Behr und unsere 3 Ridgebacks Sanjo, Bhavani und Akia &nbsp; Durch meinen Mann bin ich zu der unglaublich tollen Rasse der Rhodesian Ridgebacks gekommen. Wir leben im S\u00fcden Deutschlands, umgeben von Weinbergen, Wiesen und Feldern. Wir sind sehr gerne in der Natur und unsere Gegend bietet &hellip; <a href=\"https:\/\/www.mavinga.de\/?page_id=11\" class=\"more-link\"><span class=\"screen-reader-text\">\u00dcber uns<\/span> weiterlesen <span class=\"meta-nav\">&rarr;<\/span><\/a><\/p>\n","protected":false},"author":1,"featured_media":0,"parent":0,"menu_order":0,"comment_status":"closed","ping_status":"closed","template":"","meta":[],"_links":{"self":[{"href":"https:\/\/www.mavinga.de\/index.php?rest_route=\/wp\/v2\/pages\/11"}],"collection":[{"href":"https:\/\/www.mavinga.de\/index.php?rest_route=\/wp\/v2\/pages"}],"about":[{"href":"https:\/\/www.mavinga.de\/index.php?rest_route=\/wp\/v2\/types\/page"}],"author":[{"embeddable":true,"href":"https:\/\/www.mavinga.de\/index.php?rest_route=\/wp\/v2\/users\/1"}],"replies":[{"embeddable":true,"href":"https:\/\/www.mavinga.de\/index.php?rest_route=%2Fwp%2Fv2%2Fcomments&post=11"}],"version-history":[{"count":24,"href":"https:\/\/www.mavinga.de\/index.php?rest_route=\/wp\/v2\/pages\/11\/revisions"}],"predecessor-version":[{"id":2100,"href":"https:\/\/www.mavinga.de\/index.php?rest_route=\/wp\/v2\/pages\/11\/revisions\/2100"}],"wp:attachment":[{"href":"https:\/\/www.mavinga.de\/index.php?rest_route=%2Fwp%2Fv2%2Fmedia&parent=11"}],"curies":[{"name":"wp","href":"https:\/\/api.w.org\/{rel}","templated":true}]}}