{"id":1134,"date":"2019-08-10T18:46:48","date_gmt":"2019-08-10T16:46:48","guid":{"rendered":"http:\/\/www.mavinga.de\/?page_id=1134"},"modified":"2025-04-13T13:22:18","modified_gmt":"2025-04-13T11:22:18","slug":"fortbildungen-seit-2012","status":"publish","type":"page","link":"https:\/\/www.mavinga.de\/?page_id=1134","title":{"rendered":"Fortbildungen &#8211; Bettina Behr"},"content":{"rendered":"\r\n<p style=\"text-align: center;\"><strong>Ich bin Hundetrainerin nach \u00a7 11, Abs. 1 Nr. 8 f TSchG, gepr\u00fcft durch das Veterin\u00e4ramt Ludwigsburg.<\/strong><\/p>\r\n<p style=\"text-align: center;\">&#8222;Die T\u00e4tigkeit der gewerbsm\u00e4\u00dfigen Ausbildung von Hunden f\u00fcr Dritte sowie die Anleitung der Hundehalter bei der Ausbildung von Hunden (Hundetrainer) Bedarf nach \u00a711 Absatz 1 Satz 1\u00a0 Nr. 8f TSchG\u00a0 der Erlaubnis der zust\u00e4ndigen Beh\u00f6rde.&#8220;<\/p>\r\n<p><span style=\"font-size: 14px;\">Wir, als aktive Z\u00fcchter der DZRR sind zudem verpflichtet, uns regelm\u00e4\u00dfig fortzubilden.\u00a0<\/span><\/p>\r\n","protected":false},"excerpt":{"rendered":"<p>Ich bin Hundetrainerin nach \u00a7 11, Abs. 1 Nr. 8 f TSchG, gepr\u00fcft durch das Veterin\u00e4ramt Ludwigsburg. &#8222;Die T\u00e4tigkeit der gewerbsm\u00e4\u00dfigen Ausbildung von Hunden f\u00fcr Dritte sowie die Anleitung der Hundehalter bei der Ausbildung von Hunden (Hundetrainer) Bedarf nach \u00a711 Absatz 1 Satz 1\u00a0 Nr. 8f TSchG\u00a0 der Erlaubnis der zust\u00e4ndigen Beh\u00f6rde.&#8220; Wir, als aktive &hellip; <a href=\"https:\/\/www.mavinga.de\/?page_id=1134\" class=\"more-link\"><span class=\"screen-reader-text\">Fortbildungen &#8211; Bettina Behr<\/span> weiterlesen <span class=\"meta-nav\">&rarr;<\/span><\/a><\/p>\n","protected":false},"author":1,"featured_media":0,"parent":0,"menu_order":0,"comment_status":"closed","ping_status":"closed","template":"","meta":[],"_links":{"self":[{"href":"https:\/\/www.mavinga.de\/index.php?rest_route=\/wp\/v2\/pages\/1134"}],"collection":[{"href":"https:\/\/www.mavinga.de\/index.php?rest_route=\/wp\/v2\/pages"}],"about":[{"href":"https:\/\/www.mavinga.de\/index.php?rest_route=\/wp\/v2\/types\/page"}],"author":[{"embeddable":true,"href":"https:\/\/www.mavinga.de\/index.php?rest_route=\/wp\/v2\/users\/1"}],"replies":[{"embeddable":true,"href":"https:\/\/www.mavinga.de\/index.php?rest_route=%2Fwp%2Fv2%2Fcomments&post=1134"}],"version-history":[{"count":12,"href":"https:\/\/www.mavinga.de\/index.php?rest_route=\/wp\/v2\/pages\/1134\/revisions"}],"predecessor-version":[{"id":2101,"href":"https:\/\/www.mavinga.de\/index.php?rest_route=\/wp\/v2\/pages\/1134\/revisions\/2101"}],"wp:attachment":[{"href":"https:\/\/www.mavinga.de\/index.php?rest_route=%2Fwp%2Fv2%2Fmedia&parent=1134"}],"curies":[{"name":"wp","href":"https:\/\/api.w.org\/{rel}","templated":true}]}}