{"id":1504,"date":"2020-08-05T16:06:32","date_gmt":"2020-08-05T14:06:32","guid":{"rendered":"http:\/\/www.mavinga.de\/?page_id=1504"},"modified":"2025-03-11T08:25:41","modified_gmt":"2025-03-11T07:25:41","slug":"akia","status":"publish","type":"page","link":"https:\/\/www.mavinga.de\/?page_id=1504","title":{"rendered":"AKIA"},"content":{"rendered":"<p style=\"text-align: center;\">Wir freuen uns, euch unser neues Familienmitglied vorzustellen<\/p>\n<p style=\"text-align: center;\"><img loading=\"lazy\" class=\"aligncenter size-full wp-image-1359\" src=\"http:\/\/www.mavinga.de\/wp-content\/uploads\/Tag7-3-von-6.jpg\" alt=\"\" width=\"2000\" height=\"1333\" srcset=\"https:\/\/www.mavinga.de\/wp-content\/uploads\/Tag7-3-von-6.jpg 2000w, https:\/\/www.mavinga.de\/wp-content\/uploads\/Tag7-3-von-6-768x512.jpg 768w, https:\/\/www.mavinga.de\/wp-content\/uploads\/Tag7-3-von-6-1536x1024.jpg 1536w\" sizes=\"(max-width: 2000px) 100vw, 2000px\" \/><\/p>\n<p style=\"text-align: center;\">AKIA &#8211; alias Frau Rosa, Wonderwoman oder auch \u00fcbersetzt &#8222;die Erstgeborene&#8220;<\/p>\n<p style=\"text-align: center;\">Sie war die erste, die mir in die H\u00e4nde geboren wurde, sie war die erste, die ihre Augen ge\u00f6ffnet hat, die erste, die im Planschbecken war&#8230;&#8230;.sie war es &#8211; von Anfang an!<\/p>\n<p style=\"text-align: center;\">Sie bereichert nun unser Rudel und wir freuen uns wahnsinnig, ihre Entwicklung zu beobachten, vereint sie doch das, was wir so sehr lieben und sch\u00e4tzen!<\/p>\n<p style=\"text-align: center;\">Sie ist mittlerweile selbst Mama und eine willenstarke H\u00fcndin geworden. Sie hat viel Temperament, aber m\u00f6chte alles richtig machen und ein absolutes Kuschelmonster.<br \/>\n<img loading=\"lazy\" class=\"size-full wp-image-1546 aligncenter\" style=\"text-align: center;\" src=\"http:\/\/www.mavinga.de\/wp-content\/uploads\/Akia-1-von-1.jpg\" alt=\"\" width=\"640\" height=\"427\" \/><\/p>\n<p><img loading=\"lazy\" class=\"aligncenter size-full wp-image-1747\" src=\"http:\/\/www.mavinga.de\/wp-content\/uploads\/img_6977.jpg\" alt=\"\" width=\"960\" height=\"640\" srcset=\"https:\/\/www.mavinga.de\/wp-content\/uploads\/img_6977.jpg 960w, https:\/\/www.mavinga.de\/wp-content\/uploads\/img_6977-768x512.jpg 768w\" sizes=\"(max-width: 960px) 100vw, 960px\" \/><\/p>\n","protected":false},"excerpt":{"rendered":"<p>Wir freuen uns, euch unser neues Familienmitglied vorzustellen AKIA &#8211; alias Frau Rosa, Wonderwoman oder auch \u00fcbersetzt &#8222;die Erstgeborene&#8220; Sie war die erste, die mir in die H\u00e4nde geboren wurde, sie war die erste, die ihre Augen ge\u00f6ffnet hat, die erste, die im Planschbecken war&#8230;&#8230;.sie war es &#8211; von Anfang an! Sie bereichert nun unser &hellip; <a href=\"https:\/\/www.mavinga.de\/?page_id=1504\" class=\"more-link\"><span class=\"screen-reader-text\">AKIA<\/span> weiterlesen <span class=\"meta-nav\">&rarr;<\/span><\/a><\/p>\n","protected":false},"author":1,"featured_media":0,"parent":0,"menu_order":0,"comment_status":"closed","ping_status":"closed","template":"","meta":[],"_links":{"self":[{"href":"https:\/\/www.mavinga.de\/index.php?rest_route=\/wp\/v2\/pages\/1504"}],"collection":[{"href":"https:\/\/www.mavinga.de\/index.php?rest_route=\/wp\/v2\/pages"}],"about":[{"href":"https:\/\/www.mavinga.de\/index.php?rest_route=\/wp\/v2\/types\/page"}],"author":[{"embeddable":true,"href":"https:\/\/www.mavinga.de\/index.php?rest_route=\/wp\/v2\/users\/1"}],"replies":[{"embeddable":true,"href":"https:\/\/www.mavinga.de\/index.php?rest_route=%2Fwp%2Fv2%2Fcomments&post=1504"}],"version-history":[{"count":9,"href":"https:\/\/www.mavinga.de\/index.php?rest_route=\/wp\/v2\/pages\/1504\/revisions"}],"predecessor-version":[{"id":2094,"href":"https:\/\/www.mavinga.de\/index.php?rest_route=\/wp\/v2\/pages\/1504\/revisions\/2094"}],"wp:attachment":[{"href":"https:\/\/www.mavinga.de\/index.php?rest_route=%2Fwp%2Fv2%2Fmedia&parent=1504"}],"curies":[{"name":"wp","href":"https:\/\/api.w.org\/{rel}","templated":true}]}}