{"id":1708,"date":"2021-12-19T12:33:08","date_gmt":"2021-12-19T11:33:08","guid":{"rendered":"http:\/\/www.mavinga.de\/?page_id=1708"},"modified":"2025-03-11T08:17:46","modified_gmt":"2025-03-11T07:17:46","slug":"sanjo","status":"publish","type":"page","link":"https:\/\/www.mavinga.de\/?page_id=1708","title":{"rendered":"Sanjo"},"content":{"rendered":"<p>Unser Herr Blau, alias Musambani Ekundi Sanjari *21.05.2012* kam nach l\u00e4ngerer Suche im Juli 2012 in unsere Familie.<\/p>\n<p>Er war ein \u00fcberaus charmanter und charakterstarker R\u00fcde, der immer f\u00fcr ein Sp\u00e4\u00dfchen zu haben war. Er lief fast immer ohne Leine, da er ein absoluter Verla\u00dfhund war, und wir ihm vertrauen konnten.\u00a0 Sanjo wurde erfolgreich als Deckr\u00fcde eingesetzt, lief im Hundesport Obedience und legte einige Pr\u00fcfungen ab.<\/p>\n<p>Er starb im stolzen Alter von knapp 13 Jahren und hinterl\u00e4sst eine grosse L\u00fccke.<\/p>\n<p>Ein paar wenige Nachzuchten werden ebenfalls in der Zucht eingesetzt und wir freuen uns, dass seine Linie, auch mit unserer Akia, weitergef\u00fchrt wird.<\/p>\n<p>Sanjo 21.05.2012-30.01.2025<\/p>\n<p><img loading=\"lazy\" class=\"aligncenter size-medium wp-image-1700\" src=\"http:\/\/www.mavinga.de\/wp-content\/uploads\/Hund-Shooting-Rhodesian-Ridgeback-mit-Bettina-und-Jochen-Behr_R5QC2397-2400x3000.jpg\" alt=\"\" width=\"2400\" height=\"3000\" srcset=\"https:\/\/www.mavinga.de\/wp-content\/uploads\/Hund-Shooting-Rhodesian-Ridgeback-mit-Bettina-und-Jochen-Behr_R5QC2397-2400x3000.jpg 2400w, https:\/\/www.mavinga.de\/wp-content\/uploads\/Hund-Shooting-Rhodesian-Ridgeback-mit-Bettina-und-Jochen-Behr_R5QC2397-768x960.jpg 768w, https:\/\/www.mavinga.de\/wp-content\/uploads\/Hund-Shooting-Rhodesian-Ridgeback-mit-Bettina-und-Jochen-Behr_R5QC2397-1229x1536.jpg 1229w, https:\/\/www.mavinga.de\/wp-content\/uploads\/Hund-Shooting-Rhodesian-Ridgeback-mit-Bettina-und-Jochen-Behr_R5QC2397-1638x2048.jpg 1638w, https:\/\/www.mavinga.de\/wp-content\/uploads\/Hund-Shooting-Rhodesian-Ridgeback-mit-Bettina-und-Jochen-Behr_R5QC2397-scaled.jpg 2048w\" sizes=\"(max-width: 2400px) 100vw, 2400px\" \/><\/p>\n<p>Sanjo im Alter von 9,5 Jahren im Dezember 2021<\/p>\n","protected":false},"excerpt":{"rendered":"<p>Unser Herr Blau, alias Musambani Ekundi Sanjari *21.05.2012* kam nach l\u00e4ngerer Suche im Juli 2012 in unsere Familie. Er war ein \u00fcberaus charmanter und charakterstarker R\u00fcde, der immer f\u00fcr ein Sp\u00e4\u00dfchen zu haben war. Er lief fast immer ohne Leine, da er ein absoluter Verla\u00dfhund war, und wir ihm vertrauen konnten.\u00a0 Sanjo wurde erfolgreich als &hellip; <a href=\"https:\/\/www.mavinga.de\/?page_id=1708\" class=\"more-link\"><span class=\"screen-reader-text\">Sanjo<\/span> weiterlesen <span class=\"meta-nav\">&rarr;<\/span><\/a><\/p>\n","protected":false},"author":1,"featured_media":0,"parent":0,"menu_order":0,"comment_status":"closed","ping_status":"closed","template":"","meta":[],"_links":{"self":[{"href":"https:\/\/www.mavinga.de\/index.php?rest_route=\/wp\/v2\/pages\/1708"}],"collection":[{"href":"https:\/\/www.mavinga.de\/index.php?rest_route=\/wp\/v2\/pages"}],"about":[{"href":"https:\/\/www.mavinga.de\/index.php?rest_route=\/wp\/v2\/types\/page"}],"author":[{"embeddable":true,"href":"https:\/\/www.mavinga.de\/index.php?rest_route=\/wp\/v2\/users\/1"}],"replies":[{"embeddable":true,"href":"https:\/\/www.mavinga.de\/index.php?rest_route=%2Fwp%2Fv2%2Fcomments&post=1708"}],"version-history":[{"count":4,"href":"https:\/\/www.mavinga.de\/index.php?rest_route=\/wp\/v2\/pages\/1708\/revisions"}],"predecessor-version":[{"id":2092,"href":"https:\/\/www.mavinga.de\/index.php?rest_route=\/wp\/v2\/pages\/1708\/revisions\/2092"}],"wp:attachment":[{"href":"https:\/\/www.mavinga.de\/index.php?rest_route=%2Fwp%2Fv2%2Fmedia&parent=1708"}],"curies":[{"name":"wp","href":"https:\/\/api.w.org\/{rel}","templated":true}]}}