{"id":1905,"date":"2023-09-02T13:22:33","date_gmt":"2023-09-02T11:22:33","guid":{"rendered":"http:\/\/www.mavinga.de\/?page_id=1905"},"modified":"2026-03-30T07:43:58","modified_gmt":"2026-03-30T05:43:58","slug":"wurfplanung-2","status":"publish","type":"page","link":"https:\/\/www.mavinga.de\/?page_id=1905","title":{"rendered":"Aktueller Wurf &#8211; D Wurf"},"content":{"rendered":"<p style=\"text-align: center;\">Akia und Frits hatten kurz vor Weihnachten harmonische Treffen&#8230;<\/p>\n<p>Unser D Wurf ist am 23.02.2026 geboren!<\/p>\n<p><img loading=\"lazy\" class=\"aligncenter size-full wp-image-2060\" src=\"http:\/\/www.mavinga.de\/wp-content\/uploads\/Mavinga.png\" alt=\"\" width=\"693\" height=\"536\" \/><\/p>\n<p>\u00dcber Frits:<\/p>\n<p>Wir verfolgen Frits seit er ein kleiner Welpe war und haben seine Karriere &#8222;miterlebt&#8220;. Er hat eine sehr sch\u00f6ne Knochenst\u00e4rke, tolles Pigment, einen tollen Kopf &#8211; genau die Dinge die wir sch\u00e4tzen, was seine Titel auch best\u00e4tigen.<\/p>\n<p>Er ist mittlerweile mehrfacher Jugend Champion, Internationaler Jugend-Champion, Slowenischer Champion, Kandidat f\u00fcr den deutschen Champion und so weiter.<\/p>\n<p>Er ist uns aber haupts\u00e4chlich durch sein immer freundliches und liebes Wesen aufgefallen.<\/p>\n<p>Joyce, seine Besitzerin ist selbst Trainerin f\u00fcr Scent Detection und bildet ihre Hunde dahingehend aus. Frits ist immer freundlich und\u00a0lieb &#8211; auch mit Welpen und anderen Hunden.<\/p>\n<p>Frits ist von Joyce eine eigene Nachzucht, somit konnte Frits auch seine Qualit\u00e4ten als Babysitter schon unter Beweis stellen. Ausserdem ist Frits regelm\u00e4\u00dfiger Blutspender.<\/p>\n<p><img loading=\"lazy\" class=\"wp-image-2074 alignleft\" src=\"http:\/\/www.mavinga.de\/wp-content\/uploads\/511ed0ad-db87-4452-b0a2-08b373a27afb.jpg\" alt=\"\" width=\"155\" height=\"276\" srcset=\"https:\/\/www.mavinga.de\/wp-content\/uploads\/511ed0ad-db87-4452-b0a2-08b373a27afb.jpg 1080w, https:\/\/www.mavinga.de\/wp-content\/uploads\/511ed0ad-db87-4452-b0a2-08b373a27afb-768x1365.jpg 768w, https:\/\/www.mavinga.de\/wp-content\/uploads\/511ed0ad-db87-4452-b0a2-08b373a27afb-864x1536.jpg 864w\" sizes=\"(max-width: 155px) 100vw, 155px\" \/><\/p>\n<p>Frits lebt mit 6 weiteren Ridgebacks im Rudel und verf\u00fcgt somit \u00fcber hohe soziale Kompetenz. Zudem wird er durch Mantrailing ausgelastet und ist ein zuverl\u00e4ssiger Partner, der sehr viel Spa\u00df an gemeinsamer Arbeit hat.<\/p>\n<p>Wir hatten einige Gelegenheiten, Frits auch abseits von Ausstellung bei mehreren Spazierg\u00e4ngen kennenzulernen, Akia und er verstanden sich gut und flitzten um die Wette. Wir w\u00fcrden ihn als altersentsprechenden temperamentvollen, lustigen Tollpatsch beschreiben, absolut offen zu Mensch und Hund.<\/p>\n<p>Die perfekte Erg\u00e4nzung zu unserer Akia \ud83d\ude09<\/p>\n<p>\u00dcber Akia:<\/p>\n<p>Akia ist unsere erste eigene Nachzuchth\u00fcndin, temperamentvoll, menschenbezogen und ein kleines Kuschelmonster. Drau\u00dfen kann sie ganz sch\u00f6n Gas geben, aber grunds\u00e4tzlich eine leichtf\u00fchrige H\u00fcndin, die gefordert werden will. Sie ist einer elegante H\u00fcndin,\u00a0 die eine hervorragende Lage von Schulter und Winkelungen besitzt, mit einem durchaus ansprechendem Kopf &#8211; und das wichtigste:<\/p>\n<p>ein tolles Wesen!<\/p>\n<p>Sie steht mitten im Leben, wei\u00df genau was sie will und nicht will,\u00a0 kennt aber auch ihre Grenzen. Kurzum -ein Traumhund!<\/p>\n<p>Mit dem Stammbaum von Frits freuen wir uns, wieder exzellente Hunde mit in unsere Zuchtlinie zu bringen, und wir danken Joyce sehr, dass sie uns Frits zur Verf\u00fcgung stellt!<\/p>\n<p>Stammbaum DCs:<\/p>\n<p><img loading=\"lazy\" class=\"aligncenter size-full wp-image-2080\" src=\"http:\/\/www.mavinga.de\/wp-content\/uploads\/Pedigree-DC-Litter-.png\" alt=\"\" width=\"1331\" height=\"783\" srcset=\"https:\/\/www.mavinga.de\/wp-content\/uploads\/Pedigree-DC-Litter-.png 1331w, https:\/\/www.mavinga.de\/wp-content\/uploads\/Pedigree-DC-Litter--768x452.png 768w\" sizes=\"(max-width: 1331px) 100vw, 1331px\" \/><\/p>\n<p>&nbsp;<\/p>\n<p>Bilder von Frits und <a href=\"https:\/\/hidaya-ridgebacks.com\/?page_id=2855\">HIER <\/a>geht es zu seiner eigenen HP!<\/p>\n<p><img loading=\"lazy\" class=\"aligncenter size-full wp-image-2061\" src=\"http:\/\/www.mavinga.de\/wp-content\/uploads\/6.jpg\" alt=\"\" width=\"1247\" height=\"1500\" srcset=\"https:\/\/www.mavinga.de\/wp-content\/uploads\/6.jpg 1247w, https:\/\/www.mavinga.de\/wp-content\/uploads\/6-768x924.jpg 768w\" sizes=\"(max-width: 1247px) 100vw, 1247px\" \/><\/p>\n<p><img loading=\"lazy\" class=\"aligncenter size-full wp-image-2062\" src=\"http:\/\/www.mavinga.de\/wp-content\/uploads\/9.jpg\" alt=\"\" width=\"1500\" height=\"996\" srcset=\"https:\/\/www.mavinga.de\/wp-content\/uploads\/9.jpg 1500w, https:\/\/www.mavinga.de\/wp-content\/uploads\/9-768x510.jpg 768w\" sizes=\"(max-width: 1500px) 100vw, 1500px\" \/><\/p>\n<p><img loading=\"lazy\" class=\"aligncenter size-full wp-image-2065\" src=\"http:\/\/www.mavinga.de\/wp-content\/uploads\/KAW_0104-01.jpg\" alt=\"\" width=\"1500\" height=\"1129\" srcset=\"https:\/\/www.mavinga.de\/wp-content\/uploads\/KAW_0104-01.jpg 1500w, https:\/\/www.mavinga.de\/wp-content\/uploads\/KAW_0104-01-768x578.jpg 768w\" sizes=\"(max-width: 1500px) 100vw, 1500px\" \/><\/p>\n<p><img loading=\"lazy\" class=\"aligncenter size-full wp-image-2063\" src=\"http:\/\/www.mavinga.de\/wp-content\/uploads\/15.jpg\" alt=\"\" width=\"1001\" height=\"1500\" srcset=\"https:\/\/www.mavinga.de\/wp-content\/uploads\/15.jpg 1001w, https:\/\/www.mavinga.de\/wp-content\/uploads\/15-768x1151.jpg 768w\" sizes=\"(max-width: 1001px) 100vw, 1001px\" \/><\/p>\n<p><img loading=\"lazy\" class=\"aligncenter size-full wp-image-2064\" src=\"http:\/\/www.mavinga.de\/wp-content\/uploads\/KAW_0076-01.jpg\" alt=\"\" width=\"1500\" height=\"1023\" srcset=\"https:\/\/www.mavinga.de\/wp-content\/uploads\/KAW_0076-01.jpg 1500w, https:\/\/www.mavinga.de\/wp-content\/uploads\/KAW_0076-01-768x524.jpg 768w\" sizes=\"(max-width: 1500px) 100vw, 1500px\" \/><\/p>\n<p>&nbsp;<\/p>\n<p>&nbsp;<\/p>\n","protected":false},"excerpt":{"rendered":"<p>Akia und Frits hatten kurz vor Weihnachten harmonische Treffen&#8230; Unser D Wurf ist am 23.02.2026 geboren! \u00dcber Frits: Wir verfolgen Frits seit er ein kleiner Welpe war und haben seine Karriere &#8222;miterlebt&#8220;. Er hat eine sehr sch\u00f6ne Knochenst\u00e4rke, tolles Pigment, einen tollen Kopf &#8211; genau die Dinge die wir sch\u00e4tzen, was seine Titel auch best\u00e4tigen. &hellip; <a href=\"https:\/\/www.mavinga.de\/?page_id=1905\" class=\"more-link\"><span class=\"screen-reader-text\">Aktueller Wurf &#8211; D Wurf<\/span> weiterlesen <span class=\"meta-nav\">&rarr;<\/span><\/a><\/p>\n","protected":false},"author":1,"featured_media":0,"parent":0,"menu_order":0,"comment_status":"closed","ping_status":"closed","template":"","meta":[],"_links":{"self":[{"href":"https:\/\/www.mavinga.de\/index.php?rest_route=\/wp\/v2\/pages\/1905"}],"collection":[{"href":"https:\/\/www.mavinga.de\/index.php?rest_route=\/wp\/v2\/pages"}],"about":[{"href":"https:\/\/www.mavinga.de\/index.php?rest_route=\/wp\/v2\/types\/page"}],"author":[{"embeddable":true,"href":"https:\/\/www.mavinga.de\/index.php?rest_route=\/wp\/v2\/users\/1"}],"replies":[{"embeddable":true,"href":"https:\/\/www.mavinga.de\/index.php?rest_route=%2Fwp%2Fv2%2Fcomments&post=1905"}],"version-history":[{"count":33,"href":"https:\/\/www.mavinga.de\/index.php?rest_route=\/wp\/v2\/pages\/1905\/revisions"}],"predecessor-version":[{"id":2197,"href":"https:\/\/www.mavinga.de\/index.php?rest_route=\/wp\/v2\/pages\/1905\/revisions\/2197"}],"wp:attachment":[{"href":"https:\/\/www.mavinga.de\/index.php?rest_route=%2Fwp%2Fv2%2Fmedia&parent=1905"}],"curies":[{"name":"wp","href":"https:\/\/api.w.org\/{rel}","templated":true}]}}