{"id":1934,"date":"2023-09-08T11:16:59","date_gmt":"2023-09-08T09:16:59","guid":{"rendered":"http:\/\/www.mavinga.de\/?page_id=1934"},"modified":"2024-08-07T12:47:19","modified_gmt":"2024-08-07T10:47:19","slug":"c-wurf-comics","status":"publish","type":"page","link":"https:\/\/www.mavinga.de\/?page_id=1934","title":{"rendered":"C Wurf &#8211; COMICs"},"content":{"rendered":"<h2 style=\"text-align: center;\"><strong>Akia und Tayo hatten ein Date!<\/strong><\/h2>\n<p style=\"text-align: center;\">Unsere Akia hat am 06.08.2024 unseren Comic Wurf geboren!<br \/>\n<img loading=\"lazy\" class=\"aligncenter size-full wp-image-1963\" src=\"http:\/\/www.mavinga.de\/wp-content\/uploads\/AD-JPEG-FRAME-new-scaled.jpg\" alt=\"\" width=\"2178\" height=\"2560\" srcset=\"https:\/\/www.mavinga.de\/wp-content\/uploads\/AD-JPEG-FRAME-new-scaled.jpg 2178w, https:\/\/www.mavinga.de\/wp-content\/uploads\/AD-JPEG-FRAME-new-768x903.jpg 768w, https:\/\/www.mavinga.de\/wp-content\/uploads\/AD-JPEG-FRAME-new-1307x1536.jpg 1307w, https:\/\/www.mavinga.de\/wp-content\/uploads\/AD-JPEG-FRAME-new-1742x2048.jpg 1742w\" sizes=\"(max-width: 2178px) 100vw, 2178px\" \/><\/p>\n<p><img loading=\"lazy\" class=\"aligncenter wp-image-1747\" src=\"http:\/\/www.mavinga.de\/wp-content\/uploads\/img_6977.jpg\" alt=\"\" width=\"410\" height=\"273\" srcset=\"https:\/\/www.mavinga.de\/wp-content\/uploads\/img_6977.jpg 960w, https:\/\/www.mavinga.de\/wp-content\/uploads\/img_6977-768x512.jpg 768w\" sizes=\"(max-width: 410px) 100vw, 410px\" \/><a href=\"http:\/\/www.mavinga.de\/wp-content\/uploads\/IMG_9679.tif\"><img loading=\"lazy\" class=\"aligncenter size-medium wp-image-1950\" src=\"http:\/\/www.mavinga.de\/wp-content\/uploads\/IMG_9679.tif\" alt=\"\" width=\"1\" height=\"1\" \/><\/a><img loading=\"lazy\" class=\"aligncenter size-medium wp-image-1950\" src=\"http:\/\/www.mavinga.de\/wp-content\/uploads\/IMG_9679.tif\" alt=\"\" width=\"1\" height=\"1\" \/><\/p>\n<p><strong style=\"text-align: center;\">\u00a0<\/strong><\/p>\n<p style=\"text-align: center;\">Akia ist in unserem A Wurf als erste &#8222;MAVINGA&#8220; H\u00fcndin in meine H\u00e4nde geboren, unser kleiner Wirbelwind.<\/p>\n<p style=\"text-align: center;\">Sie ist eine eher temperamentvolle und eigensinnige H\u00fcndin, vor allem drau\u00dfen kann sie ganz sch\u00f6n Gas geben &#8211; so wie es sich f\u00fcr einen RR geh\u00f6rt! Da sie eine sehr ausgepr\u00e4gte Nase hat, ist sie in wildreichen Gebieten\/ Wald zumeist an der Leine.<\/p>\n<p style=\"text-align: center;\">Immer fr\u00f6hlich und gut gelaunt, wei\u00df genau was sie will und nicht will &#8211; eine H\u00fcndin, die richtig Spa\u00df macht.<\/p>\n<p style=\"text-align: center;\">Ihre Augen und ihr Charme &#8211; damit wickelt sie jeden um den Finger \ud83d\ude09<\/p>\n<p style=\"text-align: center;\">Auch auf Ausstellungen haben wir Akia recht erfolgreich gezeigt, sie konnte sich unter anderem den Titel<\/p>\n<p style=\"text-align: center;\"><strong>German Junior Winner\u00a0<\/strong><\/p>\n<p style=\"text-align: center;\">unter Spezialzuchtrichter und absolutem Rassekenner Martin Klopsch erlaufen.<\/p>\n<p style=\"text-align: center;\">Zuhause ist sie ruhig und verschmust, eine totale Kuschelmaus, die immer im Kontakt liegen m\u00f6chte.<\/p>\n<p style=\"text-align: center;\">Wir haben f\u00fcr sie einen \u00fcberaus tollen und erfolgreichen R\u00fcden ausgew\u00e4hlt und sind Lisa und Cem dankbar, dass sie uns Tayo f\u00fcr Akia anvertrauen. Tayo ist internationaler Sch\u00f6nheitschampion, Deutscher CH VDH + Club DZRR, Polnischer CH, Slowenischer CH und Tschechischer CH.<\/p>\n<p>Zu Tayo:<\/p>\n<p><img loading=\"lazy\" class=\"alignleft wp-image-1940\" src=\"http:\/\/www.mavinga.de\/wp-content\/uploads\/375207030_1408651109700950_5040414288673133181_n.jpg\" alt=\"\" width=\"160\" height=\"176\" \/><\/p>\n<p>&nbsp;<\/p>\n<p><img loading=\"lazy\" class=\"alignright wp-image-1941\" src=\"http:\/\/www.mavinga.de\/wp-content\/uploads\/375203072_137338226119240_6796546285872783795_n.jpg\" alt=\"\" width=\"261\" height=\"153\" \/><\/p>\n<p>&nbsp;<\/p>\n<p>&nbsp;<\/p>\n<p>&nbsp;<\/p>\n<p>&nbsp;<\/p>\n<p><img loading=\"lazy\" class=\"aligncenter wp-image-1949\" src=\"http:\/\/www.mavinga.de\/wp-content\/uploads\/376558190_1405714133659768_1292948261431942670_n.jpg\" alt=\"\" width=\"331\" height=\"232\" srcset=\"https:\/\/www.mavinga.de\/wp-content\/uploads\/376558190_1405714133659768_1292948261431942670_n.jpg 975w, https:\/\/www.mavinga.de\/wp-content\/uploads\/376558190_1405714133659768_1292948261431942670_n-768x540.jpg 768w\" sizes=\"(max-width: 331px) 100vw, 331px\" \/><\/p>\n<p>Seine Besitzer beschreiben ihn so:<\/p>\n<p>Tayo ist ein stattlicher und substanzvoller R\u00fcde, der durch seinen ausdrucksstarken, maskulinen Kopf und seiner exzellenten Knochenst\u00e4rke sowie Bemuskelung ins Auge sticht. Seit er 5 Monate alt ist, besuchen wir sehr erfolgreich Ausstellungen im In- und Ausland, wo er bereits mehrere Champion-Titel und Auszeichnungen erreicht hat. Seine Ahnen kommen unter anderem aus sehr alten und erfolgreichen afrikanischen Linien, worauf wir sehr stolz sind.<\/p>\n<p>&nbsp;<\/p>\n<p>Er besitzt ein Herz aus Gold und bleibt auch in ihm fremden Situationen entspannt und ruhig. Mit Kindern geht er sehr liebevoll und respektvoll um. Tayo ist ein selbstsicherer und ausgeglichener R\u00fcde, der auch mit anderen Hunden und Katzen vertr\u00e4glich ist. \u00c4rger geht er lieber aus dem Weg. Bez\u00fcglich dem rassetypischen Jagdtrieb bel\u00e4sst er es beim Hinterherschauen und ist stets abrufbar.<\/p>\n<p>Tayo lebt mit uns zusammen in unserem gro\u00dfen Haus mit Garten. Er liebt es in der Sonne zu liegen und mit uns durch die Felder, Wiesen und W\u00e4lder zu wandern. Durch eine liebevolle und konsequente Erziehung ist er ein verl\u00e4sslicher Begleiter \u2013 er begleitet uns ins Restaurant, zum Shoppen, in den Urlaub oder ins B\u00fcro.\u00a0\u00a0Tayo liebt es uns beim Joggen oder am Rad zu begleiten<\/p>\n<p>Mehr Informationen zu <a href=\"https:\/\/www.manyana-ridge.de\/deutsch\/tayo\/\">Tayo<\/a> hier<\/p>\n<p>&nbsp;<\/p>\n<p><a href=\"http:\/\/www.mavinga.de\/wp-content\/uploads\/Pedigree-C-Wurf.pdf\">Pedigree C Wurf<\/a><\/p>\n<p><strong style=\"text-align: center;\"><img loading=\"lazy\" class=\"aligncenter wp-image-1947\" src=\"http:\/\/www.mavinga.de\/wp-content\/uploads\/C-Wurf-Pedegree-Clipboard.jpg\" alt=\"\" width=\"612\" height=\"341\" srcset=\"https:\/\/www.mavinga.de\/wp-content\/uploads\/C-Wurf-Pedegree-Clipboard.jpg 1295w, https:\/\/www.mavinga.de\/wp-content\/uploads\/C-Wurf-Pedegree-Clipboard-768x427.jpg 768w, https:\/\/www.mavinga.de\/wp-content\/uploads\/C-Wurf-Pedegree-Clipboard-1038x576.jpg 1038w\" sizes=\"(max-width: 612px) 100vw, 612px\" \/><\/strong><\/p>\n<p><strong style=\"text-align: center;\">\u00a0<\/strong><\/p>\n<p>&nbsp;<\/p>\n","protected":false},"excerpt":{"rendered":"<p>Akia und Tayo hatten ein Date! Unsere Akia hat am 06.08.2024 unseren Comic Wurf geboren! \u00a0 Akia ist in unserem A Wurf als erste &#8222;MAVINGA&#8220; H\u00fcndin in meine H\u00e4nde geboren, unser kleiner Wirbelwind. Sie ist eine eher temperamentvolle und eigensinnige H\u00fcndin, vor allem drau\u00dfen kann sie ganz sch\u00f6n Gas geben &#8211; so wie es sich &hellip; <a href=\"https:\/\/www.mavinga.de\/?page_id=1934\" class=\"more-link\"><span class=\"screen-reader-text\">C Wurf &#8211; COMICs<\/span> weiterlesen <span class=\"meta-nav\">&rarr;<\/span><\/a><\/p>\n","protected":false},"author":1,"featured_media":0,"parent":0,"menu_order":0,"comment_status":"closed","ping_status":"closed","template":"","meta":[],"_links":{"self":[{"href":"https:\/\/www.mavinga.de\/index.php?rest_route=\/wp\/v2\/pages\/1934"}],"collection":[{"href":"https:\/\/www.mavinga.de\/index.php?rest_route=\/wp\/v2\/pages"}],"about":[{"href":"https:\/\/www.mavinga.de\/index.php?rest_route=\/wp\/v2\/types\/page"}],"author":[{"embeddable":true,"href":"https:\/\/www.mavinga.de\/index.php?rest_route=\/wp\/v2\/users\/1"}],"replies":[{"embeddable":true,"href":"https:\/\/www.mavinga.de\/index.php?rest_route=%2Fwp%2Fv2%2Fcomments&post=1934"}],"version-history":[{"count":19,"href":"https:\/\/www.mavinga.de\/index.php?rest_route=\/wp\/v2\/pages\/1934\/revisions"}],"predecessor-version":[{"id":2031,"href":"https:\/\/www.mavinga.de\/index.php?rest_route=\/wp\/v2\/pages\/1934\/revisions\/2031"}],"wp:attachment":[{"href":"https:\/\/www.mavinga.de\/index.php?rest_route=%2Fwp%2Fv2%2Fmedia&parent=1934"}],"curies":[{"name":"wp","href":"https:\/\/api.w.org\/{rel}","templated":true}]}}