{"id":2042,"date":"2024-09-30T10:35:19","date_gmt":"2024-09-30T08:35:19","guid":{"rendered":"http:\/\/www.mavinga.de\/?page_id=2042"},"modified":"2026-03-30T07:46:57","modified_gmt":"2026-03-30T05:46:57","slug":"wuerfe","status":"publish","type":"page","link":"https:\/\/www.mavinga.de\/?page_id=2042","title":{"rendered":"W\u00fcrfe"},"content":{"rendered":"<p style=\"text-align: right;\"><img loading=\"lazy\" class=\"wp-image-1204 alignleft\" src=\"http:\/\/www.mavinga.de\/wp-content\/uploads\/2019_ad_bettina-250x300.jpg\" alt=\"\" width=\"201\" height=\"241\" srcset=\"https:\/\/www.mavinga.de\/wp-content\/uploads\/2019_ad_bettina-250x300.jpg 250w, https:\/\/www.mavinga.de\/wp-content\/uploads\/2019_ad_bettina-853x1024.jpg 853w, https:\/\/www.mavinga.de\/wp-content\/uploads\/2019_ad_bettina-768x922.jpg 768w, https:\/\/www.mavinga.de\/wp-content\/uploads\/2019_ad_bettina-1279x1536.jpg 1279w, https:\/\/www.mavinga.de\/wp-content\/uploads\/2019_ad_bettina.jpg 1500w\" sizes=\"(max-width: 201px) 100vw, 201px\" \/><\/p>\n<p style=\"text-align: right;\">A Wurf-AVENGERS<\/p>\n<p style=\"text-align: right;\">geboren am 31.05.2020<\/p>\n<p style=\"text-align: right;\">3 R\u00fcden, 3 H\u00fcndinnen<\/p>\n<p>&nbsp;<\/p>\n<p>&nbsp;<\/p>\n<p><img loading=\"lazy\" class=\"wp-image-1767 alignleft\" src=\"http:\/\/www.mavinga.de\/wp-content\/uploads\/2022_bettina-1-2498x3000.jpg\" alt=\"\" width=\"205\" height=\"246\" srcset=\"https:\/\/www.mavinga.de\/wp-content\/uploads\/2022_bettina-1-2498x3000.jpg 2498w, https:\/\/www.mavinga.de\/wp-content\/uploads\/2022_bettina-1-768x922.jpg 768w, https:\/\/www.mavinga.de\/wp-content\/uploads\/2022_bettina-1-1279x1536.jpg 1279w, https:\/\/www.mavinga.de\/wp-content\/uploads\/2022_bettina-1-1705x2048.jpg 1705w\" sizes=\"(max-width: 205px) 100vw, 205px\" \/>B Wurf &#8211; Bright Stars<\/p>\n<p>geboren am 27.09.2022<\/p>\n<p>5 R\u00fcden, 2 H\u00fcndinnen<\/p>\n<p>&nbsp;<\/p>\n<p>&nbsp;<\/p>\n<p>&nbsp;<\/p>\n<p>&nbsp;<\/p>\n<p><img loading=\"lazy\" class=\"wp-image-1956 alignleft\" src=\"http:\/\/www.mavinga.de\/wp-content\/uploads\/Mavinga-comic-ad-with-frame.png\" alt=\"\" width=\"221\" height=\"260\" srcset=\"https:\/\/www.mavinga.de\/wp-content\/uploads\/Mavinga-comic-ad-with-frame.png 2222w, https:\/\/www.mavinga.de\/wp-content\/uploads\/Mavinga-comic-ad-with-frame-768x903.png 768w, https:\/\/www.mavinga.de\/wp-content\/uploads\/Mavinga-comic-ad-with-frame-1307x1536.png 1307w, https:\/\/www.mavinga.de\/wp-content\/uploads\/Mavinga-comic-ad-with-frame-1742x2048.png 1742w\" sizes=\"(max-width: 221px) 100vw, 221px\" \/> C Wurf &#8211; Comics,<\/p>\n<p>geboren am 06.08.2024<\/p>\n<p>1 R\u00fcde<\/p>\n<p>&nbsp;<\/p>\n<p>&nbsp;<\/p>\n<p>&nbsp;<\/p>\n<p>&nbsp;<\/p>\n<p><img loading=\"lazy\" class=\"wp-image-2060 alignleft\" src=\"http:\/\/www.mavinga.de\/wp-content\/uploads\/Mavinga.png\" alt=\"\" width=\"247\" height=\"191\" \/><\/p>\n<p>D Wurf &#8211; DCs<\/p>\n<p>geboren am 23.02.2026<\/p>\n<p>1 H\u00fcndin<\/p>\n","protected":false},"excerpt":{"rendered":"<p>A Wurf-AVENGERS geboren am 31.05.2020 3 R\u00fcden, 3 H\u00fcndinnen &nbsp; &nbsp; B Wurf &#8211; Bright Stars geboren am 27.09.2022 5 R\u00fcden, 2 H\u00fcndinnen &nbsp; &nbsp; &nbsp; &nbsp; C Wurf &#8211; Comics, geboren am 06.08.2024 1 R\u00fcde &nbsp; &nbsp; &nbsp; &nbsp; D Wurf &#8211; DCs geboren am 23.02.2026 1 H\u00fcndin<\/p>\n","protected":false},"author":1,"featured_media":0,"parent":0,"menu_order":0,"comment_status":"closed","ping_status":"closed","template":"","meta":[],"_links":{"self":[{"href":"https:\/\/www.mavinga.de\/index.php?rest_route=\/wp\/v2\/pages\/2042"}],"collection":[{"href":"https:\/\/www.mavinga.de\/index.php?rest_route=\/wp\/v2\/pages"}],"about":[{"href":"https:\/\/www.mavinga.de\/index.php?rest_route=\/wp\/v2\/types\/page"}],"author":[{"embeddable":true,"href":"https:\/\/www.mavinga.de\/index.php?rest_route=\/wp\/v2\/users\/1"}],"replies":[{"embeddable":true,"href":"https:\/\/www.mavinga.de\/index.php?rest_route=%2Fwp%2Fv2%2Fcomments&post=2042"}],"version-history":[{"count":3,"href":"https:\/\/www.mavinga.de\/index.php?rest_route=\/wp\/v2\/pages\/2042\/revisions"}],"predecessor-version":[{"id":2203,"href":"https:\/\/www.mavinga.de\/index.php?rest_route=\/wp\/v2\/pages\/2042\/revisions\/2203"}],"wp:attachment":[{"href":"https:\/\/www.mavinga.de\/index.php?rest_route=%2Fwp%2Fv2%2Fmedia&parent=2042"}],"curies":[{"name":"wp","href":"https:\/\/api.w.org\/{rel}","templated":true}]}}