{"id":2178,"date":"2026-01-09T12:34:25","date_gmt":"2026-01-09T11:34:25","guid":{"rendered":"http:\/\/www.mavinga.de\/?page_id=2178"},"modified":"2026-03-30T07:46:15","modified_gmt":"2026-03-30T05:46:15","slug":"tagebuch-d-wurf","status":"publish","type":"page","link":"https:\/\/www.mavinga.de\/?page_id=2178","title":{"rendered":"Tagebuch D Wurf"},"content":{"rendered":"<p>23.02.2026: Tag 63 &#8211; Akia hat ein gesundes M\u00e4dchen zur Welt gebracht. Ihr Name lautet: MAVINGA DCs Supergirl<\/p>\n<p><img loading=\"lazy\" class=\"aligncenter  wp-image-2198\" src=\"http:\/\/www.mavinga.de\/wp-content\/uploads\/648011753_10242431249185408_240001184423919713_n.jpg\" alt=\"\" width=\"141\" height=\"212\" srcset=\"https:\/\/www.mavinga.de\/wp-content\/uploads\/648011753_10242431249185408_240001184423919713_n.jpg 1024w, https:\/\/www.mavinga.de\/wp-content\/uploads\/648011753_10242431249185408_240001184423919713_n-768x1152.jpg 768w\" sizes=\"(max-width: 141px) 100vw, 141px\" \/><\/p>\n<p>20.01.2026: Tag 30 &#8211; der heutige Ultraschall hat best\u00e4tigt, dass Akia tr\u00e4chtig ist. Es wird ein sehr kleiner Wurf werden, somit bitten wir, von weiteren Anfragen abzusehen.<\/p>\n<p>17.01.2026: Tag 27- Akia hat die gesamte letzte Woche morgens etwas m\u00e4kelig gefressen, die Bauchlinie ver\u00e4ndert sich und heute vermessen wir einen Bauchumfang von ca. + 1,5 cm. Wir sind guter Dinge, jetzt heisst es noch warten auf den Ultraschalltermin Mitte n\u00e4chster Woche, dann haben wir Gewissheit!<\/p>\n<p>Hier noch ein Foto von Akia an Tag 24<img loading=\"lazy\" class=\"aligncenter wp-image-2187\" src=\"http:\/\/www.mavinga.de\/wp-content\/uploads\/964753e6-ba7f-4ab8-8f21-c19c037983a9.jpg\" alt=\"\" width=\"171\" height=\"208\" srcset=\"https:\/\/www.mavinga.de\/wp-content\/uploads\/964753e6-ba7f-4ab8-8f21-c19c037983a9.jpg 1688w, https:\/\/www.mavinga.de\/wp-content\/uploads\/964753e6-ba7f-4ab8-8f21-c19c037983a9-768x931.jpg 768w, https:\/\/www.mavinga.de\/wp-content\/uploads\/964753e6-ba7f-4ab8-8f21-c19c037983a9-1267x1536.jpg 1267w\" sizes=\"(max-width: 171px) 100vw, 171px\" \/><\/p>\n<p>&nbsp;<\/p>\n<p>09.01.2026: \u00a0Tag 19 &#8211; In diesem Zeitrahmen (Tag 19-21) setzen sich die Keimbl\u00e4schen an der Geb\u00e4rmutterwand fest und es kann zu einer leichten morgendlichen \u00dcbelkeit der H\u00fcndin kommen.<\/p>\n<p>&nbsp;<\/p>\n<p>04.01.2026:\u00a0 Tag 14 -Die Zitzen werden deutlich gr\u00f6sser, was ein Indiz f\u00fcr die Tr\u00e4chtigkeit\u00a0 ist.<\/p>\n<p>&nbsp;<\/p>\n<p>22.12.2025:\u00a0 Akia und Frits hatten &#8222;ihre&#8220; Dates<\/p>\n<p><img loading=\"lazy\" class=\"wp-image-2179 aligncenter\" src=\"http:\/\/www.mavinga.de\/wp-content\/uploads\/602370824_10241327026300526_4379697781867674601_n.jpg\" alt=\"\" width=\"82\" height=\"146\" srcset=\"https:\/\/www.mavinga.de\/wp-content\/uploads\/602370824_10241327026300526_4379697781867674601_n.jpg 1152w, https:\/\/www.mavinga.de\/wp-content\/uploads\/602370824_10241327026300526_4379697781867674601_n-768x1365.jpg 768w, https:\/\/www.mavinga.de\/wp-content\/uploads\/602370824_10241327026300526_4379697781867674601_n-864x1536.jpg 864w\" sizes=\"(max-width: 82px) 100vw, 82px\" \/><\/p>\n<p>&nbsp;<\/p>\n<p>01. 12 2025:\u00a0 Akia`s L\u00e4ufigkeit hat begonnen<\/p>\n","protected":false},"excerpt":{"rendered":"<p>23.02.2026: Tag 63 &#8211; Akia hat ein gesundes M\u00e4dchen zur Welt gebracht. Ihr Name lautet: MAVINGA DCs Supergirl 20.01.2026: Tag 30 &#8211; der heutige Ultraschall hat best\u00e4tigt, dass Akia tr\u00e4chtig ist. Es wird ein sehr kleiner Wurf werden, somit bitten wir, von weiteren Anfragen abzusehen. 17.01.2026: Tag 27- Akia hat die gesamte letzte Woche morgens &hellip; <a href=\"https:\/\/www.mavinga.de\/?page_id=2178\" class=\"more-link\"><span class=\"screen-reader-text\">Tagebuch D Wurf<\/span> weiterlesen <span class=\"meta-nav\">&rarr;<\/span><\/a><\/p>\n","protected":false},"author":1,"featured_media":0,"parent":0,"menu_order":0,"comment_status":"closed","ping_status":"closed","template":"","meta":[],"_links":{"self":[{"href":"https:\/\/www.mavinga.de\/index.php?rest_route=\/wp\/v2\/pages\/2178"}],"collection":[{"href":"https:\/\/www.mavinga.de\/index.php?rest_route=\/wp\/v2\/pages"}],"about":[{"href":"https:\/\/www.mavinga.de\/index.php?rest_route=\/wp\/v2\/types\/page"}],"author":[{"embeddable":true,"href":"https:\/\/www.mavinga.de\/index.php?rest_route=\/wp\/v2\/users\/1"}],"replies":[{"embeddable":true,"href":"https:\/\/www.mavinga.de\/index.php?rest_route=%2Fwp%2Fv2%2Fcomments&post=2178"}],"version-history":[{"count":7,"href":"https:\/\/www.mavinga.de\/index.php?rest_route=\/wp\/v2\/pages\/2178\/revisions"}],"predecessor-version":[{"id":2202,"href":"https:\/\/www.mavinga.de\/index.php?rest_route=\/wp\/v2\/pages\/2178\/revisions\/2202"}],"wp:attachment":[{"href":"https:\/\/www.mavinga.de\/index.php?rest_route=%2Fwp%2Fv2%2Fmedia&parent=2178"}],"curies":[{"name":"wp","href":"https:\/\/api.w.org\/{rel}","templated":true}]}}