{"id":41,"date":"2015-03-13T19:37:44","date_gmt":"2015-03-13T18:37:44","guid":{"rendered":"http:\/\/www.rr-sanjo.de\/neu\/?page_id=41"},"modified":"2018-09-23T18:16:37","modified_gmt":"2018-09-23T16:16:37","slug":"zuchtzulassungspruefung","status":"publish","type":"page","link":"https:\/\/www.mavinga.de\/?page_id=41","title":{"rendered":"Zuchtzulassung im DZRR \/ VDH \/ FCI"},"content":{"rendered":"<h1>MUSAMBANI EKUNDI SANJARI *21.05.2012<\/h1>\n<p>Mutter: Chikomo Munda Chioma of Musambani<br \/>\nVater: CH.\u00a0Abuya-Balou van het Maasjesfles<br \/>\nSanjo erh\u00e4lt am 12.07.2014 die uneingeschr\u00e4nkte Zuchtzulassung im DZRR durch VDH Richter Burkhard Seibel.<\/p>\n<h1>Blutergebnisse<\/h1>\n<table>\n<tbody>\n<tr>\n<td style=\"text-align: center;\">DNA\u00a0Profil<\/td>\n<td style=\"text-align: center;\">erstellt<\/td>\n<\/tr>\n<tr>\n<td style=\"text-align: center;\">\u00a0Dilute Status<\/td>\n<td style=\"text-align: center;\">DD<\/td>\n<\/tr>\n<tr>\n<td style=\"text-align: center;\">\u00a0H\u00e4mophilie B<\/td>\n<td style=\"text-align: center;\">\n<p>N \/ N<\/p>\n<p>reinerbig f\u00fcr das intakte Gen<\/td>\n<\/tr>\n<tr>\n<td style=\"text-align: center;\">\u00a0Degenerative Myelopathie (DM)<\/td>\n<td style=\"text-align: center;\">\n<p>\u00a0N \/ N<\/p>\n<p>reinerbig f\u00fcr das intakte Gen<\/td>\n<\/tr>\n<tr>\n<td style=\"text-align: center;\">\u00a0B &#8211; Lokus<\/td>\n<td style=\"text-align: center;\">\u00a0B \/ B<\/td>\n<\/tr>\n<tr>\n<td style=\"text-align: center;\">JME &#8211; juvenile myoklonische Epilepsie<\/td>\n<td style=\"text-align: center;\">\n<p>N\/N<\/p>\n<p>reinerbig f\u00fcr das Wildtyp Allel<\/td>\n<\/tr>\n<tr>\n<td style=\"text-align: center;\">Spermiogramm ( Dr. Blendinger)<\/td>\n<td style=\"text-align: center;\">kein Hinweis f\u00fcr eingeschr\u00e4nkte Fruchtbarkeit<\/td>\n<\/tr>\n<\/tbody>\n<\/table>\n<h1>R\u00f6ntgenergebnis<\/h1>\n<table style=\"width: 100%; border-collapse: collapse;\" border=\"1\">\n<tbody>\n<tr style=\"height: 28px;\">\n<td style=\"width: 50%; height: 28px;\">HD<\/td>\n<td style=\"width: 50%; height: 28px;\">A 2<\/td>\n<\/tr>\n<tr style=\"height: 28px;\">\n<td style=\"width: 50%; height: 28px;\">ED<\/td>\n<td style=\"width: 50%; height: 28px;\">frei<\/td>\n<\/tr>\n<tr style=\"height: 28px;\">\n<td style=\"width: 50%; height: 28px;\">OCD<\/td>\n<td style=\"width: 50%; height: 28px;\">frei<\/td>\n<\/tr>\n<tr style=\"height: 28px;\">\n<td style=\"width: 50%; height: 28px;\">L\u00dcW<\/td>\n<td style=\"width: 50%; height: 28px;\">ja<\/td>\n<\/tr>\n<\/tbody>\n<\/table>\n<h1>Daten &amp; Fakten<\/h1>\n<table>\n<tbody>\n<tr>\n<td width=\"30%\">Gr\u00f6\u00dfe<\/td>\n<td>65 cm<\/td>\n<\/tr>\n<tr>\n<td>Gewicht<\/td>\n<td>39,5 kg<\/td>\n<\/tr>\n<tr>\n<td>Gebiss<\/td>\n<td>Schere, vollzahnig<\/td>\n<\/tr>\n<tr>\n<td>Ridge<\/td>\n<td>ok<\/td>\n<\/tr>\n<tr>\n<td>Wirbel<\/td>\n<td>ok<\/td>\n<\/tr>\n<tr>\n<td>Nasenspiegel<\/td>\n<td>schwarz<\/td>\n<\/tr>\n<tr>\n<td>Dermoid Sinus<\/td>\n<td>nein<\/td>\n<\/tr>\n<tr>\n<td>Rute<\/td>\n<td>kein Tastbefund<\/td>\n<\/tr>\n<\/tbody>\n<\/table>\n<h1>Exterieurbeurteilung<\/h1>\n<table>\n<tbody>\n<tr>\n<td width=\"30%\">Kopf<\/td>\n<td>maskulin, harmonisch aufgebaut, korrekte L\u00e4nge und Breite, richtig einges. mittelbr. Auge<\/td>\n<\/tr>\n<tr>\n<td>Fang<\/td>\n<td>korrekte L\u00e4nge, korr. Lefzen u. Lippenschlu\u00df<\/td>\n<\/tr>\n<tr>\n<td>Hals<\/td>\n<td>elegante Hals-Nackenlinie<\/td>\n<\/tr>\n<tr>\n<td>Schulter<\/td>\n<td>korrekt gelagert<\/td>\n<\/tr>\n<tr>\n<td>R\u00fccken<\/td>\n<td>fest und gerade<\/td>\n<\/tr>\n<tr>\n<td>Kruppe<\/td>\n<td>korrekt<\/td>\n<\/tr>\n<tr>\n<td>Brust<\/td>\n<td>mittlere Breite, zum K\u00f6rper passend, richtige Tiefe und L\u00e4nge<\/td>\n<\/tr>\n<tr>\n<td>Rute<\/td>\n<td>richtig angesetzt, richtige L\u00e4nge, korrekt getragen<\/td>\n<\/tr>\n<tr>\n<td>Pfoten<\/td>\n<td>fest und geschlossen<\/td>\n<\/tr>\n<tr>\n<td>Front<\/td>\n<td>mittlere Breite, gerade<\/td>\n<\/tr>\n<tr>\n<td>Winkelung<\/td>\n<td>VH + HH gut gewinkelt<\/td>\n<\/tr>\n<tr>\n<td>Gangwerk<\/td>\n<td>leicht, fl\u00fcssig, raumgreifend<\/td>\n<\/tr>\n<\/tbody>\n<\/table>\n<h1>Zusammenfassung der Wesensbeurteilung<\/h1>\n<p>Sanjo ist ein ausgeglichener, freundlicher R\u00fcde. Er ist sehr gut leinenf\u00fchrig.\u00a0Er ist ein rassetypischer Vertreter, der sich durch eine starke Bindung zum Hundef\u00fchrer auszeichnet.<\/p>\n<p>Er besteht alle Kategorien mit A.<br \/>\nEin B erh\u00e4lt er beim Spielverhalten.<\/p>\n<h1>Bilder der ZZP<\/h1>\n<p>Danke an Stefan Naumann, der dieses Ereignis f\u00fcr uns festgehalten hat!<\/p>\n<div id='gallery-1' class='gallery galleryid-41 gallery-columns-2 gallery-size-full'><figure class='gallery-item'>\n\t\t\t<div class='gallery-icon portrait'>\n\t\t\t\t<a href='https:\/\/www.mavinga.de\/wp-content\/uploads\/2015\/03\/DSC_0605.jpg' rel=\"lightbox[41]\"><img width=\"339\" height=\"512\" src=\"https:\/\/www.mavinga.de\/wp-content\/uploads\/2015\/03\/DSC_0605.jpg\" class=\"attachment-full size-full\" alt=\"\" loading=\"lazy\" aria-describedby=\"gallery-1-43\" srcset=\"https:\/\/www.mavinga.de\/wp-content\/uploads\/2015\/03\/DSC_0605.jpg 339w, https:\/\/www.mavinga.de\/wp-content\/uploads\/2015\/03\/DSC_0605-199x300.jpg 199w\" sizes=\"(max-width: 339px) 100vw, 339px\" \/><\/a>\n\t\t\t<\/div>\n\t\t\t\t<figcaption class='wp-caption-text gallery-caption' id='gallery-1-43'>\n\t\t\t\tDie Anspannung VOR der Pr\u00fcfung\n\t\t\t\t<\/figcaption><\/figure><figure class='gallery-item'>\n\t\t\t<div class='gallery-icon portrait'>\n\t\t\t\t<a href='https:\/\/www.mavinga.de\/wp-content\/uploads\/2015\/03\/DSC_07221.jpg' rel=\"lightbox[41]\"><img width=\"339\" height=\"512\" src=\"https:\/\/www.mavinga.de\/wp-content\/uploads\/2015\/03\/DSC_07221.jpg\" class=\"attachment-full size-full\" alt=\"\" loading=\"lazy\" aria-describedby=\"gallery-1-73\" srcset=\"https:\/\/www.mavinga.de\/wp-content\/uploads\/2015\/03\/DSC_07221.jpg 339w, https:\/\/www.mavinga.de\/wp-content\/uploads\/2015\/03\/DSC_07221-199x300.jpg 199w\" sizes=\"(max-width: 339px) 100vw, 339px\" \/><\/a>\n\t\t\t<\/div>\n\t\t\t\t<figcaption class='wp-caption-text gallery-caption' id='gallery-1-73'>\n\t\t\t\tExterieurbeurteilung\n\t\t\t\t<\/figcaption><\/figure><figure class='gallery-item'>\n\t\t\t<div class='gallery-icon landscape'>\n\t\t\t\t<a href='https:\/\/www.mavinga.de\/wp-content\/uploads\/2015\/03\/DSC_0674.jpg' rel=\"lightbox[41]\"><img width=\"720\" height=\"477\" src=\"https:\/\/www.mavinga.de\/wp-content\/uploads\/2015\/03\/DSC_0674.jpg\" class=\"attachment-full size-full\" alt=\"\" loading=\"lazy\" aria-describedby=\"gallery-1-54\" srcset=\"https:\/\/www.mavinga.de\/wp-content\/uploads\/2015\/03\/DSC_0674.jpg 720w, https:\/\/www.mavinga.de\/wp-content\/uploads\/2015\/03\/DSC_0674-300x199.jpg 300w\" sizes=\"(max-width: 720px) 100vw, 720px\" \/><\/a>\n\t\t\t<\/div>\n\t\t\t\t<figcaption class='wp-caption-text gallery-caption' id='gallery-1-54'>\n\t\t\t\tZahnkontrolle\n\t\t\t\t<\/figcaption><\/figure><figure class='gallery-item'>\n\t\t\t<div class='gallery-icon landscape'>\n\t\t\t\t<a href='https:\/\/www.mavinga.de\/wp-content\/uploads\/2015\/03\/DSC_0707.jpg' rel=\"lightbox[41]\"><img width=\"720\" height=\"477\" src=\"https:\/\/www.mavinga.de\/wp-content\/uploads\/2015\/03\/DSC_0707.jpg\" class=\"attachment-full size-full\" alt=\"\" loading=\"lazy\" aria-describedby=\"gallery-1-57\" srcset=\"https:\/\/www.mavinga.de\/wp-content\/uploads\/2015\/03\/DSC_0707.jpg 720w, https:\/\/www.mavinga.de\/wp-content\/uploads\/2015\/03\/DSC_0707-300x199.jpg 300w\" sizes=\"(max-width: 720px) 100vw, 720px\" \/><\/a>\n\t\t\t<\/div>\n\t\t\t\t<figcaption class='wp-caption-text gallery-caption' id='gallery-1-57'>\n\t\t\t\tPfoten und Gelenke\n\t\t\t\t<\/figcaption><\/figure><figure class='gallery-item'>\n\t\t\t<div class='gallery-icon landscape'>\n\t\t\t\t<a href='https:\/\/www.mavinga.de\/wp-content\/uploads\/2015\/03\/DSC_0700.jpg' rel=\"lightbox[41]\"><img width=\"720\" height=\"477\" src=\"https:\/\/www.mavinga.de\/wp-content\/uploads\/2015\/03\/DSC_0700.jpg\" class=\"attachment-full size-full\" alt=\"\" loading=\"lazy\" aria-describedby=\"gallery-1-47\" srcset=\"https:\/\/www.mavinga.de\/wp-content\/uploads\/2015\/03\/DSC_0700.jpg 720w, https:\/\/www.mavinga.de\/wp-content\/uploads\/2015\/03\/DSC_0700-300x199.jpg 300w\" sizes=\"(max-width: 720px) 100vw, 720px\" \/><\/a>\n\t\t\t<\/div>\n\t\t\t\t<figcaption class='wp-caption-text gallery-caption' id='gallery-1-47'>\n\t\t\t\tAnweisungen zur Gangwerksbeurteilung\n\t\t\t\t<\/figcaption><\/figure><figure class='gallery-item'>\n\t\t\t<div class='gallery-icon landscape'>\n\t\t\t\t<a href='https:\/\/www.mavinga.de\/wp-content\/uploads\/2015\/03\/DSC_0686.jpg' rel=\"lightbox[41]\"><img width=\"720\" height=\"477\" src=\"https:\/\/www.mavinga.de\/wp-content\/uploads\/2015\/03\/DSC_0686.jpg\" class=\"attachment-full size-full\" alt=\"\" loading=\"lazy\" aria-describedby=\"gallery-1-60\" srcset=\"https:\/\/www.mavinga.de\/wp-content\/uploads\/2015\/03\/DSC_0686.jpg 720w, https:\/\/www.mavinga.de\/wp-content\/uploads\/2015\/03\/DSC_0686-300x199.jpg 300w\" sizes=\"(max-width: 720px) 100vw, 720px\" \/><\/a>\n\t\t\t<\/div>\n\t\t\t\t<figcaption class='wp-caption-text gallery-caption' id='gallery-1-60'>\n\t\t\t\tfl\u00fcssiges, leichtes&#8230;.\n\t\t\t\t<\/figcaption><\/figure><figure class='gallery-item'>\n\t\t\t<div class='gallery-icon landscape'>\n\t\t\t\t<a href='https:\/\/www.mavinga.de\/wp-content\/uploads\/2015\/03\/DSC_0717.jpg' rel=\"lightbox[41]\"><img width=\"720\" height=\"477\" src=\"https:\/\/www.mavinga.de\/wp-content\/uploads\/2015\/03\/DSC_0717.jpg\" class=\"attachment-full size-full\" alt=\"\" loading=\"lazy\" aria-describedby=\"gallery-1-63\" srcset=\"https:\/\/www.mavinga.de\/wp-content\/uploads\/2015\/03\/DSC_0717.jpg 720w, https:\/\/www.mavinga.de\/wp-content\/uploads\/2015\/03\/DSC_0717-300x199.jpg 300w\" sizes=\"(max-width: 720px) 100vw, 720px\" \/><\/a>\n\t\t\t<\/div>\n\t\t\t\t<figcaption class='wp-caption-text gallery-caption' id='gallery-1-63'>\n\t\t\t\t.. raumgreifendes Gangwerk\n\t\t\t\t<\/figcaption><\/figure><figure class='gallery-item'>\n\t\t\t<div class='gallery-icon landscape'>\n\t\t\t\t<a href='https:\/\/www.mavinga.de\/wp-content\/uploads\/2015\/03\/DSC_0873.jpg' rel=\"lightbox[41]\"><img width=\"720\" height=\"477\" src=\"https:\/\/www.mavinga.de\/wp-content\/uploads\/2015\/03\/DSC_0873.jpg\" class=\"attachment-full size-full\" alt=\"\" loading=\"lazy\" aria-describedby=\"gallery-1-42\" srcset=\"https:\/\/www.mavinga.de\/wp-content\/uploads\/2015\/03\/DSC_0873.jpg 720w, https:\/\/www.mavinga.de\/wp-content\/uploads\/2015\/03\/DSC_0873-300x199.jpg 300w\" sizes=\"(max-width: 720px) 100vw, 720px\" \/><\/a>\n\t\t\t<\/div>\n\t\t\t\t<figcaption class='wp-caption-text gallery-caption' id='gallery-1-42'>\n\t\t\t\tjippie&#8230;Spielplatz f\u00fcr Sanjo\n\t\t\t\t<\/figcaption><\/figure><figure class='gallery-item'>\n\t\t\t<div class='gallery-icon landscape'>\n\t\t\t\t<a href='https:\/\/www.mavinga.de\/wp-content\/uploads\/2015\/03\/DSC_0875.jpg' rel=\"lightbox[41]\"><img width=\"720\" height=\"477\" src=\"https:\/\/www.mavinga.de\/wp-content\/uploads\/2015\/03\/DSC_0875.jpg\" class=\"attachment-full size-full\" alt=\"\" loading=\"lazy\" aria-describedby=\"gallery-1-50\" srcset=\"https:\/\/www.mavinga.de\/wp-content\/uploads\/2015\/03\/DSC_0875.jpg 720w, https:\/\/www.mavinga.de\/wp-content\/uploads\/2015\/03\/DSC_0875-300x199.jpg 300w\" sizes=\"(max-width: 720px) 100vw, 720px\" \/><\/a>\n\t\t\t<\/div>\n\t\t\t\t<figcaption class='wp-caption-text gallery-caption' id='gallery-1-50'>\n\t\t\t\tUntergr\u00fcnde\n\t\t\t\t<\/figcaption><\/figure><figure class='gallery-item'>\n\t\t\t<div class='gallery-icon landscape'>\n\t\t\t\t<a href='https:\/\/www.mavinga.de\/wp-content\/uploads\/2015\/03\/DSC_0882.jpg' rel=\"lightbox[41]\"><img width=\"720\" height=\"477\" src=\"https:\/\/www.mavinga.de\/wp-content\/uploads\/2015\/03\/DSC_0882.jpg\" class=\"attachment-full size-full\" alt=\"\" loading=\"lazy\" aria-describedby=\"gallery-1-56\" srcset=\"https:\/\/www.mavinga.de\/wp-content\/uploads\/2015\/03\/DSC_0882.jpg 720w, https:\/\/www.mavinga.de\/wp-content\/uploads\/2015\/03\/DSC_0882-300x199.jpg 300w\" sizes=\"(max-width: 720px) 100vw, 720px\" \/><\/a>\n\t\t\t<\/div>\n\t\t\t\t<figcaption class='wp-caption-text gallery-caption' id='gallery-1-56'>\n\t\t\t\tUntergr\u00fcnde\n\t\t\t\t<\/figcaption><\/figure><figure class='gallery-item'>\n\t\t\t<div class='gallery-icon landscape'>\n\t\t\t\t<a href='https:\/\/www.mavinga.de\/wp-content\/uploads\/2015\/03\/DSC_0894.jpg' rel=\"lightbox[41]\"><img width=\"720\" height=\"477\" src=\"https:\/\/www.mavinga.de\/wp-content\/uploads\/2015\/03\/DSC_0894.jpg\" class=\"attachment-full size-full\" alt=\"\" loading=\"lazy\" aria-describedby=\"gallery-1-61\" srcset=\"https:\/\/www.mavinga.de\/wp-content\/uploads\/2015\/03\/DSC_0894.jpg 720w, https:\/\/www.mavinga.de\/wp-content\/uploads\/2015\/03\/DSC_0894-300x199.jpg 300w\" sizes=\"(max-width: 720px) 100vw, 720px\" \/><\/a>\n\t\t\t<\/div>\n\t\t\t\t<figcaption class='wp-caption-text gallery-caption' id='gallery-1-61'>\n\t\t\t\tSpielverhalten&#8230; Anmerkung des ZW: das falsche Spieli \ud83d\ude42\n\t\t\t\t<\/figcaption><\/figure><figure class='gallery-item'>\n\t\t\t<div class='gallery-icon landscape'>\n\t\t\t\t<a href='https:\/\/www.mavinga.de\/wp-content\/uploads\/2015\/03\/DSC_0906.jpg' rel=\"lightbox[41]\"><img width=\"720\" height=\"477\" src=\"https:\/\/www.mavinga.de\/wp-content\/uploads\/2015\/03\/DSC_0906.jpg\" class=\"attachment-full size-full\" alt=\"\" loading=\"lazy\" aria-describedby=\"gallery-1-65\" srcset=\"https:\/\/www.mavinga.de\/wp-content\/uploads\/2015\/03\/DSC_0906.jpg 720w, https:\/\/www.mavinga.de\/wp-content\/uploads\/2015\/03\/DSC_0906-300x199.jpg 300w\" sizes=\"(max-width: 720px) 100vw, 720px\" \/><\/a>\n\t\t\t<\/div>\n\t\t\t\t<figcaption class='wp-caption-text gallery-caption' id='gallery-1-65'>\n\t\t\t\tInstruktionen\n\t\t\t\t<\/figcaption><\/figure><figure class='gallery-item'>\n\t\t\t<div class='gallery-icon portrait'>\n\t\t\t\t<a href='https:\/\/www.mavinga.de\/wp-content\/uploads\/2015\/03\/DSC_0907.jpg' rel=\"lightbox[41]\"><img width=\"339\" height=\"512\" src=\"https:\/\/www.mavinga.de\/wp-content\/uploads\/2015\/03\/DSC_0907.jpg\" class=\"attachment-full size-full\" alt=\"\" loading=\"lazy\" aria-describedby=\"gallery-1-68\" srcset=\"https:\/\/www.mavinga.de\/wp-content\/uploads\/2015\/03\/DSC_0907.jpg 339w, https:\/\/www.mavinga.de\/wp-content\/uploads\/2015\/03\/DSC_0907-199x300.jpg 199w\" sizes=\"(max-width: 339px) 100vw, 339px\" \/><\/a>\n\t\t\t<\/div>\n\t\t\t\t<figcaption class='wp-caption-text gallery-caption' id='gallery-1-68'>\n\t\t\t\tUnd los gehts&#8230;\n\t\t\t\t<\/figcaption><\/figure><figure class='gallery-item'>\n\t\t\t<div class='gallery-icon landscape'>\n\t\t\t\t<a href='https:\/\/www.mavinga.de\/wp-content\/uploads\/2015\/03\/DSC_0920.jpg' rel=\"lightbox[41]\"><img width=\"720\" height=\"477\" src=\"https:\/\/www.mavinga.de\/wp-content\/uploads\/2015\/03\/DSC_0920.jpg\" class=\"attachment-full size-full\" alt=\"\" loading=\"lazy\" aria-describedby=\"gallery-1-52\" srcset=\"https:\/\/www.mavinga.de\/wp-content\/uploads\/2015\/03\/DSC_0920.jpg 720w, https:\/\/www.mavinga.de\/wp-content\/uploads\/2015\/03\/DSC_0920-300x199.jpg 300w\" sizes=\"(max-width: 720px) 100vw, 720px\" \/><\/a>\n\t\t\t<\/div>\n\t\t\t\t<figcaption class='wp-caption-text gallery-caption' id='gallery-1-52'>\n\t\t\t\tPl\u00f6tzlicher Reiz durch eine Gruppe\n\t\t\t\t<\/figcaption><\/figure><figure class='gallery-item'>\n\t\t\t<div class='gallery-icon landscape'>\n\t\t\t\t<a href='https:\/\/www.mavinga.de\/wp-content\/uploads\/2015\/03\/DSC_0922.jpg' rel=\"lightbox[41]\"><img width=\"720\" height=\"477\" src=\"https:\/\/www.mavinga.de\/wp-content\/uploads\/2015\/03\/DSC_0922.jpg\" class=\"attachment-full size-full\" alt=\"\" loading=\"lazy\" aria-describedby=\"gallery-1-46\" srcset=\"https:\/\/www.mavinga.de\/wp-content\/uploads\/2015\/03\/DSC_0922.jpg 720w, https:\/\/www.mavinga.de\/wp-content\/uploads\/2015\/03\/DSC_0922-300x199.jpg 300w\" sizes=\"(max-width: 720px) 100vw, 720px\" \/><\/a>\n\t\t\t<\/div>\n\t\t\t\t<figcaption class='wp-caption-text gallery-caption' id='gallery-1-46'>\n\t\t\t\t&#8230;Sanjo bleibt v\u00f6llig gelassen&#8230;\n\t\t\t\t<\/figcaption><\/figure><figure class='gallery-item'>\n\t\t\t<div class='gallery-icon portrait'>\n\t\t\t\t<a href='https:\/\/www.mavinga.de\/wp-content\/uploads\/2015\/03\/DSC_0917.jpg' rel=\"lightbox[41]\"><img width=\"339\" height=\"512\" src=\"https:\/\/www.mavinga.de\/wp-content\/uploads\/2015\/03\/DSC_0917.jpg\" class=\"attachment-full size-full\" alt=\"\" loading=\"lazy\" srcset=\"https:\/\/www.mavinga.de\/wp-content\/uploads\/2015\/03\/DSC_0917.jpg 339w, https:\/\/www.mavinga.de\/wp-content\/uploads\/2015\/03\/DSC_0917-199x300.jpg 199w\" sizes=\"(max-width: 339px) 100vw, 339px\" \/><\/a>\n\t\t\t<\/div><\/figure><figure class='gallery-item'>\n\t\t\t<div class='gallery-icon landscape'>\n\t\t\t\t<a href='https:\/\/www.mavinga.de\/wp-content\/uploads\/2015\/03\/DSC_0932.jpg' rel=\"lightbox[41]\"><img width=\"720\" height=\"477\" src=\"https:\/\/www.mavinga.de\/wp-content\/uploads\/2015\/03\/DSC_0932.jpg\" class=\"attachment-full size-full\" alt=\"\" loading=\"lazy\" aria-describedby=\"gallery-1-67\" srcset=\"https:\/\/www.mavinga.de\/wp-content\/uploads\/2015\/03\/DSC_0932.jpg 720w, https:\/\/www.mavinga.de\/wp-content\/uploads\/2015\/03\/DSC_0932-300x199.jpg 300w\" sizes=\"(max-width: 720px) 100vw, 720px\" \/><\/a>\n\t\t\t<\/div>\n\t\t\t\t<figcaption class='wp-caption-text gallery-caption' id='gallery-1-67'>\n\t\t\t\tJetzt noch der *b\u00f6se, schwarze Mann* Ein grosser Mann mit schwarzem, langem Mantel und dunklem Hut. Na, Sanjo hat auch f\u00fcr ihn ein K\u00fc\u00dfchen \u00fcbrig !\n\t\t\t\t<\/figcaption><\/figure><figure class='gallery-item'>\n\t\t\t<div class='gallery-icon landscape'>\n\t\t\t\t<a href='https:\/\/www.mavinga.de\/wp-content\/uploads\/2015\/03\/DSC_0945.jpg' rel=\"lightbox[41]\"><img width=\"720\" height=\"477\" src=\"https:\/\/www.mavinga.de\/wp-content\/uploads\/2015\/03\/DSC_0945.jpg\" class=\"attachment-full size-full\" alt=\"\" loading=\"lazy\" aria-describedby=\"gallery-1-74\" srcset=\"https:\/\/www.mavinga.de\/wp-content\/uploads\/2015\/03\/DSC_0945.jpg 720w, https:\/\/www.mavinga.de\/wp-content\/uploads\/2015\/03\/DSC_0945-300x199.jpg 300w\" sizes=\"(max-width: 720px) 100vw, 720px\" \/><\/a>\n\t\t\t<\/div>\n\t\t\t\t<figcaption class='wp-caption-text gallery-caption' id='gallery-1-74'>\n\t\t\t\tpuh, geschafft&#8230;.und ?\n\t\t\t\t<\/figcaption><\/figure><figure class='gallery-item'>\n\t\t\t<div class='gallery-icon portrait'>\n\t\t\t\t<a href='https:\/\/www.mavinga.de\/wp-content\/uploads\/2015\/03\/DSC_0663.jpg' rel=\"lightbox[41]\"><img width=\"339\" height=\"512\" src=\"https:\/\/www.mavinga.de\/wp-content\/uploads\/2015\/03\/DSC_0663.jpg\" class=\"attachment-full size-full\" alt=\"\" loading=\"lazy\" aria-describedby=\"gallery-1-71\" srcset=\"https:\/\/www.mavinga.de\/wp-content\/uploads\/2015\/03\/DSC_0663.jpg 339w, https:\/\/www.mavinga.de\/wp-content\/uploads\/2015\/03\/DSC_0663-199x300.jpg 199w\" sizes=\"(max-width: 339px) 100vw, 339px\" \/><\/a>\n\t\t\t<\/div>\n\t\t\t\t<figcaption class='wp-caption-text gallery-caption' id='gallery-1-71'>\n\t\t\t\tJippie, bestanden !! \n\t\t\t\t<\/figcaption><\/figure>\n\t\t<\/div>\n\n","protected":false},"excerpt":{"rendered":"<p>MUSAMBANI EKUNDI SANJARI *21.05.2012 Mutter: Chikomo Munda Chioma of Musambani Vater: CH.\u00a0Abuya-Balou van het Maasjesfles Sanjo erh\u00e4lt am 12.07.2014 die uneingeschr\u00e4nkte Zuchtzulassung im DZRR durch VDH Richter Burkhard Seibel. Blutergebnisse DNA\u00a0Profil erstellt \u00a0Dilute Status DD \u00a0H\u00e4mophilie B N \/ N reinerbig f\u00fcr das intakte Gen \u00a0Degenerative Myelopathie (DM) \u00a0N \/ N reinerbig f\u00fcr das intakte &hellip; <a href=\"https:\/\/www.mavinga.de\/?page_id=41\" class=\"more-link\"><span class=\"screen-reader-text\">Zuchtzulassung im DZRR \/ VDH \/ FCI<\/span> weiterlesen <span class=\"meta-nav\">&rarr;<\/span><\/a><\/p>\n","protected":false},"author":1,"featured_media":0,"parent":0,"menu_order":1,"comment_status":"closed","ping_status":"open","template":"","meta":[],"_links":{"self":[{"href":"https:\/\/www.mavinga.de\/index.php?rest_route=\/wp\/v2\/pages\/41"}],"collection":[{"href":"https:\/\/www.mavinga.de\/index.php?rest_route=\/wp\/v2\/pages"}],"about":[{"href":"https:\/\/www.mavinga.de\/index.php?rest_route=\/wp\/v2\/types\/page"}],"author":[{"embeddable":true,"href":"https:\/\/www.mavinga.de\/index.php?rest_route=\/wp\/v2\/users\/1"}],"replies":[{"embeddable":true,"href":"https:\/\/www.mavinga.de\/index.php?rest_route=%2Fwp%2Fv2%2Fcomments&post=41"}],"version-history":[{"count":26,"href":"https:\/\/www.mavinga.de\/index.php?rest_route=\/wp\/v2\/pages\/41\/revisions"}],"predecessor-version":[{"id":975,"href":"https:\/\/www.mavinga.de\/index.php?rest_route=\/wp\/v2\/pages\/41\/revisions\/975"}],"wp:attachment":[{"href":"https:\/\/www.mavinga.de\/index.php?rest_route=%2Fwp%2Fv2%2Fmedia&parent=41"}],"curies":[{"name":"wp","href":"https:\/\/api.w.org\/{rel}","templated":true}]}}