{"id":466,"date":"2015-08-16T17:40:56","date_gmt":"2015-08-16T15:40:56","guid":{"rendered":"http:\/\/www.rr-sanjo.de\/?page_id=466"},"modified":"2020-08-23T11:36:31","modified_gmt":"2020-08-23T09:36:31","slug":"verpaarungen","status":"publish","type":"page","link":"https:\/\/www.mavinga.de\/?page_id=466","title":{"rendered":"Verpaarungen"},"content":{"rendered":"<p>&nbsp;<\/p>\n<p><img loading=\"lazy\" class=\"wp-image-1507 alignleft\" src=\"http:\/\/www.mavinga.de\/wp-content\/uploads\/2019_ad_bettina-1.jpg\" alt=\"\" width=\"319\" height=\"383\" srcset=\"https:\/\/www.mavinga.de\/wp-content\/uploads\/2019_ad_bettina-1.jpg 1500w, https:\/\/www.mavinga.de\/wp-content\/uploads\/2019_ad_bettina-1-768x922.jpg 768w, https:\/\/www.mavinga.de\/wp-content\/uploads\/2019_ad_bettina-1-1279x1536.jpg 1279w\" sizes=\"(max-width: 319px) 100vw, 319px\" \/><\/p>\n<p>Sanjo deckte am 31.03.2020 die H\u00fcndin Dreamgirl Bhavani Cieply Dom. Am 31.05.2020 wurden 6 Welpen geboren, 3 R\u00fcden und 3 H\u00fcndinnen. F\u00fcr die Statistiker: 1x versetzte Crowns, 1 x Hodenhochstand Mehr Infos unter A Wurf MAVINGA<\/p>\n<p>&nbsp;<\/p>\n<p>&nbsp;<\/p>\n<p>&nbsp;<\/p>\n<p>&nbsp;<\/p>\n<p><img loading=\"lazy\" class=\"size-medium wp-image-778 alignleft\" src=\"http:\/\/www.mavinga.de\/wp-content\/uploads\/1mra-web_kollage-wurfanku\u0308ndigung-o-wurf-2-242x300.jpg\" alt=\"\" width=\"242\" height=\"300\" srcset=\"https:\/\/www.mavinga.de\/wp-content\/uploads\/1mra-web_kollage-wurfanku\u0308ndigung-o-wurf-2-242x300.jpg 242w, https:\/\/www.mavinga.de\/wp-content\/uploads\/1mra-web_kollage-wurfanku\u0308ndigung-o-wurf-2-825x1024.jpg 825w, https:\/\/www.mavinga.de\/wp-content\/uploads\/1mra-web_kollage-wurfanku\u0308ndigung-o-wurf-2.jpg 967w\" sizes=\"(max-width: 242px) 100vw, 242px\" \/>Sanjo deckte am 10.+12.04.2017 die H\u00fcndin Gimbya von der Burg Litermont im Kennel : Von der Burg Litermont von Gisela Leidinger. Am 11.06.2017 wurden 10 Welpen geboren, 3 H\u00fcndinnen und 7 R\u00fcden.<\/p>\n<p>F\u00fcr die Statistiker: 2 Knickruten, 2 R\u00fcckbisse, 1 x 3. Crown<\/p>\n<p>Info:<a href=\"https:\/\/www.von-der-burg-litermont.de\/deutsch\/home\/\"> https:\/\/www.von-der-burg-litermont.de\/deutsch\/home\/<\/a><\/p>\n<p>&nbsp;<\/p>\n<p><img loading=\"lazy\" class=\"size-medium wp-image-634 alignleft\" src=\"http:\/\/www.rr-sanjo.de\/wp-content\/uploads\/collagefertigfertig_FB_WEB-211x300.jpg\" alt=\"\" width=\"211\" height=\"300\" srcset=\"https:\/\/www.mavinga.de\/wp-content\/uploads\/collagefertigfertig_FB_WEB-211x300.jpg 211w, https:\/\/www.mavinga.de\/wp-content\/uploads\/collagefertigfertig_FB_WEB-722x1024.jpg 722w, https:\/\/www.mavinga.de\/wp-content\/uploads\/collagefertigfertig_FB_WEB.jpg 2048w\" sizes=\"(max-width: 211px) 100vw, 211px\" \/><\/p>\n<p>Sanjo deckte am 18.\/19. Mai 2016 die H\u00fcndin\u00a0 Famous Face zur Liesbergm\u00fchle im Kennel : Rod Ridz vom Mashari von Diane Winkler. Am 18.07.2016 schenkte Face 7 kleinen Welpen das Leben. Es sind 3 R\u00fcden und 4 H\u00fcndinnen.<\/p>\n<p>F\u00fcr die Statistiker: alle Welpen sind korrekt.\u00a0\u00a0\u00a0\u00a0\u00a0\u00a0\u00a0 <a href=\"http:\/\/www.ridgeback-face.de\/\">www.ridgeback-face.de<\/a><\/p>\n<p>&nbsp;<\/p>\n<p>&nbsp;<\/p>\n<p>&nbsp;<\/p>\n<p><img loading=\"lazy\" class=\"wp-image-450 alignleft\" src=\"http:\/\/www.rr-sanjo.de\/wp-content\/uploads\/EmmiSanjo-Collage-212x300.jpeg\" alt=\"EmmiSanjo Collage\" width=\"230\" height=\"325\" srcset=\"https:\/\/www.mavinga.de\/wp-content\/uploads\/EmmiSanjo-Collage-212x300.jpeg 212w, https:\/\/www.mavinga.de\/wp-content\/uploads\/EmmiSanjo-Collage-724x1024.jpeg 724w\" sizes=\"(max-width: 230px) 100vw, 230px\" \/><\/p>\n<p>02.\/04.07.2015 deckte Sanjo die H\u00fcndin Emanuela Magdahor, Kennel: <a href=\"http:\/\/www.vom-hause-zerrath.de\">www.vom-hause-zerrath.de <\/a>von \u00a0Astrid Dietrich.\u00a0 Es wurden am 31.08.2015 5 H\u00fcndinnen und 2 R\u00fcden geboren!<\/p>\n<p>F\u00fcr die Statistiker: 1 Knickrute, 1 x 3. Crown<\/p>\n<p>&nbsp;<\/p>\n<p>&nbsp;<\/p>\n<p>&nbsp;<\/p>\n<p>&nbsp;<\/p>\n<p><img loading=\"lazy\" class=\" size-medium wp-image-132 alignleft\" src=\"http:\/\/www.rr-sanjo.de\/wp-content\/uploads\/2015\/03\/Collage-218x300.jpg\" alt=\"Collage\" width=\"218\" height=\"300\" srcset=\"https:\/\/www.mavinga.de\/wp-content\/uploads\/2015\/03\/Collage-218x300.jpg 218w, https:\/\/www.mavinga.de\/wp-content\/uploads\/2015\/03\/Collage.jpg 699w\" sizes=\"(max-width: 218px) 100vw, 218px\" \/>01.01.2015 &#8211; deckte Sanjo die H\u00fcndin \u00a0Ima Inga Ya Mabubesi, Kennel: <a href=\"http:\/\/www.of-the-imbassa-tribal.de\"><u><span style=\"color: #0066cc;\">www.of-the-imbassa-tribal.de <\/span><\/u><\/a>von\u00a0\u00a0Alexandra Thaler. Es wurden am 03.03.2015\u00a0 4 R\u00fcden und 10 H\u00fcndinnen geboren, Blue ( Bijongo Blue Pearl of the Imbassa Tribal) Nr. 9 , aus diesem Wurf lebt nun bei ihrer Mutter Ima und Onkel Eko und bleibt bei Fam. Thaler.<\/p>\n<p>F\u00fcr die Statistiker: 1x Hodenhochstand; 1 x Knickrute<\/p>\n<p>&nbsp;<\/p>\n<p>&nbsp;<\/p>\n<p>&nbsp;<\/p>\n<p>&nbsp;<\/p>\n<p>Sanjo hat mit 5 verschiedenen H\u00fcndinnen insgesamt 44 Nachkommen,<\/p>\n<p>davon 33 korrekte Welpen und 11 fehlerhafte Welpen<\/p>\n<table style=\"width: 523px;\" border=\"1\">\n<tbody>\n<tr>\n<td style=\"width: 71px;\">Kennel<\/td>\n<td style=\"width: 81px;\">Wurfst\u00e4rke<\/td>\n<td style=\"width: 89px;\">Hodenfehler<\/td>\n<td style=\"width: 82px;\">\n<p>Crowns\/<\/p>\n<p>Ridgefehler<\/td>\n<td style=\"width: 34px;\">Rute<\/td>\n<td style=\"width: 62px;\">Dermoid Sinus<\/td>\n<td style=\"width: 48px;\">Gebiss<\/td>\n<td style=\"width: 56px;\">ridgelos<\/td>\n<\/tr>\n<tr>\n<td style=\"width: 71px;\">of the Imbassa Tribal &#8211; IMA<\/td>\n<td style=\"width: 81px;\">\n<p>14 Welpen<\/p>\n<p>&nbsp;<\/p>\n<p>4 R \/ 10 H<\/td>\n<td style=\"width: 89px;\">1<\/td>\n<td style=\"width: 82px;\">0<\/td>\n<td style=\"width: 34px;\">1<\/td>\n<td style=\"width: 62px;\">0<\/td>\n<td style=\"width: 48px;\">0<\/td>\n<td style=\"width: 56px;\">0<\/td>\n<\/tr>\n<tr>\n<td style=\"width: 71px;\">vom Hause Zerrath &#8211; EMMI<\/td>\n<td style=\"width: 81px;\">\n<p>7 Welpen<\/p>\n<p>2 R \/ 5 H<\/td>\n<td style=\"width: 89px;\">0<\/td>\n<td style=\"width: 82px;\">1<\/td>\n<td style=\"width: 34px;\">1<\/td>\n<td style=\"width: 62px;\">0<\/td>\n<td style=\"width: 48px;\">0<\/td>\n<td style=\"width: 56px;\">0<\/td>\n<\/tr>\n<tr>\n<td style=\"width: 71px;\">Rod-Ridz vom Mashari &#8211; FACE<\/td>\n<td style=\"width: 81px;\">\n<p>7 Welpen<\/p>\n<p>3 R \/ 4 H<\/td>\n<td style=\"width: 89px;\">0<\/td>\n<td style=\"width: 82px;\">0<\/td>\n<td style=\"width: 34px;\">0<\/td>\n<td style=\"width: 62px;\">0<\/td>\n<td style=\"width: 48px;\">0<\/td>\n<td style=\"width: 56px;\">0<\/td>\n<\/tr>\n<tr>\n<td style=\"width: 71px;\">von der Burg Litermont &#8211; GIMBYA<\/td>\n<td style=\"width: 81px;\">\n<p>10 Welpen<\/p>\n<p>7 R \/ 3 H<\/td>\n<td style=\"width: 89px;\">0<\/td>\n<td style=\"width: 82px;\">1<\/td>\n<td style=\"width: 34px;\">2<\/td>\n<td style=\"width: 62px;\">0<\/td>\n<td style=\"width: 48px;\">2<\/td>\n<td style=\"width: 56px;\">0<\/td>\n<\/tr>\n<tr>\n<td style=\"width: 71px;\">\n<p>MAVINGA-<\/p>\n<p>Bhavani<\/td>\n<td style=\"width: 81px;\">\n<p>6 Welpen<\/p>\n<p>3R\/3H<\/td>\n<td style=\"width: 89px;\">1<\/td>\n<td style=\"width: 82px;\">1<\/td>\n<td style=\"width: 34px;\">0<\/td>\n<td style=\"width: 62px;\">0<\/td>\n<td style=\"width: 48px;\">0<\/td>\n<td style=\"width: 56px;\">0<\/td>\n<\/tr>\n<\/tbody>\n<\/table>\n<p>&nbsp;<\/p>\n","protected":false},"excerpt":{"rendered":"<p>&nbsp; Sanjo deckte am 31.03.2020 die H\u00fcndin Dreamgirl Bhavani Cieply Dom. Am 31.05.2020 wurden 6 Welpen geboren, 3 R\u00fcden und 3 H\u00fcndinnen. F\u00fcr die Statistiker: 1x versetzte Crowns, 1 x Hodenhochstand Mehr Infos unter A Wurf MAVINGA &nbsp; &nbsp; &nbsp; &nbsp; Sanjo deckte am 10.+12.04.2017 die H\u00fcndin Gimbya von der Burg Litermont im Kennel : &hellip; <a href=\"https:\/\/www.mavinga.de\/?page_id=466\" class=\"more-link\"><span class=\"screen-reader-text\">Verpaarungen<\/span> weiterlesen <span class=\"meta-nav\">&rarr;<\/span><\/a><\/p>\n","protected":false},"author":1,"featured_media":0,"parent":0,"menu_order":0,"comment_status":"closed","ping_status":"closed","template":"","meta":[],"_links":{"self":[{"href":"https:\/\/www.mavinga.de\/index.php?rest_route=\/wp\/v2\/pages\/466"}],"collection":[{"href":"https:\/\/www.mavinga.de\/index.php?rest_route=\/wp\/v2\/pages"}],"about":[{"href":"https:\/\/www.mavinga.de\/index.php?rest_route=\/wp\/v2\/types\/page"}],"author":[{"embeddable":true,"href":"https:\/\/www.mavinga.de\/index.php?rest_route=\/wp\/v2\/users\/1"}],"replies":[{"embeddable":true,"href":"https:\/\/www.mavinga.de\/index.php?rest_route=%2Fwp%2Fv2%2Fcomments&post=466"}],"version-history":[{"count":14,"href":"https:\/\/www.mavinga.de\/index.php?rest_route=\/wp\/v2\/pages\/466\/revisions"}],"predecessor-version":[{"id":1522,"href":"https:\/\/www.mavinga.de\/index.php?rest_route=\/wp\/v2\/pages\/466\/revisions\/1522"}],"wp:attachment":[{"href":"https:\/\/www.mavinga.de\/index.php?rest_route=%2Fwp%2Fv2%2Fmedia&parent=466"}],"curies":[{"name":"wp","href":"https:\/\/api.w.org\/{rel}","templated":true}]}}