{"id":785,"date":"2017-05-23T15:36:42","date_gmt":"2017-05-23T13:36:42","guid":{"rendered":"http:\/\/www.rr-sanjo.de\/?page_id=785"},"modified":"2019-10-29T20:58:04","modified_gmt":"2019-10-29T19:58:04","slug":"dreamgirl-bhavani-cieply-dom","status":"publish","type":"page","link":"https:\/\/www.mavinga.de\/?page_id=785","title":{"rendered":"BHAVANI"},"content":{"rendered":"<p>&nbsp;<\/p>\n<p>&nbsp;<\/p>\n<p><img loading=\"lazy\" class=\"wp-image-1183 aligncenter\" src=\"http:\/\/www.mavinga.de\/wp-content\/uploads\/unbenannte-fotosession-008-300x200.jpg\" alt=\"\" width=\"381\" height=\"254\" srcset=\"https:\/\/www.mavinga.de\/wp-content\/uploads\/unbenannte-fotosession-008-300x200.jpg 300w, https:\/\/www.mavinga.de\/wp-content\/uploads\/unbenannte-fotosession-008-768x512.jpg 768w, https:\/\/www.mavinga.de\/wp-content\/uploads\/unbenannte-fotosession-008-1024x683.jpg 1024w\" sizes=\"(max-width: 381px) 100vw, 381px\" \/><\/p>\n<header class=\"entry-header\">\n<h1 class=\"entry-title\">DREAMGIRL BHAVANI CIEPLY DOM *03.02.2017<\/h1>\n<\/header>\n<p><!-- .entry-header --><\/p>\n<div class=\"entry-content\">\n<p>Bhavani kam nach langer Suche und Recherche im Fr\u00fchjahr 2017 in unsere Familie. Wir danken Edyta sehr f\u00fcr ihr entgegengebrachtes Vertrauen, diesen kleinen Wirbelwind, unsere Frau Pink,\u00a0bei uns aufzunehmen. Sie stammt aus einem Wurf mit 9 Welpen, davon 5 H\u00fcndinnen und 4 R\u00fcden. Ihr Bruder lebt ebenfalls in Deutschland, 1 Schwester ging nach Norwegen, der Rest verblieb in Polen.<\/p>\n<p>Sie entwickelt sich zu einer neugierigen, offenen, leichtf\u00fchrigen, manchmal impulsiven H\u00fcndin, die absolut Freude macht. Man kann sehr gut mit ihr arbeiten, sie hat Spa\u00df an allem! Sie hat ihren eigenen Kopf, aber hat das nicht jeder ? Manch Neuem oder ihr fremden Dingen ist zu Beginn etwas skeptisch, was sich aber nach einmaligen Kennenlernen erledigt.<\/p>\n<p><strong>Eine fr\u00f6hliche, offene\u00a0H\u00fcndin, die aufgeschlossen auf Menschen und\u00a0Artgenossen zugeht. <\/strong><\/p>\n<p>Ridgebacktypisch findet sie Regen von oben nicht so prickelnd, geht aber ohne Probleme Gassi. Im Sommer findet sie den Bach zum abk\u00fchlen ganz in Ordnung.<\/p>\n<p>Bhavani verf\u00fcgt \u00fcber leichte Jagdtendenzen, die bis dato absolut lenkbar sind. Sie orientiert sich sehr an\u00a0unserem 5 Jahre \u00e4lterem, souver\u00e4nen R\u00fcden Sanjo, der keinen Jagdtrieb hat.<\/p>\n<p>Wir k\u00f6nnen sie ohne Leine laufen lassen, der R\u00fcckruf sitzt \u2013\u00a0 f\u00fcr ihr Spieli oder Kekse macht sie \u201efast\u201c alles. Sie ist eine sehr anh\u00e4ngliche und verschmuste H\u00fcndin, sie sucht immer die N\u00e4he und Kuscheleinheiten ihrer Menschen.<\/p>\n<p>Bhavani hat bereits\u00a0im Alter von 15 Monaten\u00a0den DOQ Test 2.0 abgelegt.<\/p>\n<p>Wir haben mit ihr\u00a0alle zuchtrelevanten ( und noch mehr ) Untersuchungen durchf\u00fchren lassen, alle mit besten Ergebnissen (siehe Daten und Fakten).<\/p>\n<p>Bhavani besteht im Fr\u00fchjahr 2019 die Begleithundepr\u00fcfung.<\/p>\n<\/div>\n<p><img loading=\"lazy\" class=\"aligncenter size-medium wp-image-916\" src=\"http:\/\/www.mavinga.de\/wp-content\/uploads\/unbenannt-1608-200x300.jpg\" alt=\"\" width=\"200\" height=\"300\" srcset=\"https:\/\/www.mavinga.de\/wp-content\/uploads\/unbenannt-1608-200x300.jpg 200w, https:\/\/www.mavinga.de\/wp-content\/uploads\/unbenannt-1608-768x1152.jpg 768w, https:\/\/www.mavinga.de\/wp-content\/uploads\/unbenannt-1608-683x1024.jpg 683w\" sizes=\"(max-width: 200px) 100vw, 200px\" \/><\/p>\n<p>&nbsp;<\/p>\n","protected":false},"excerpt":{"rendered":"<p>&nbsp; &nbsp; DREAMGIRL BHAVANI CIEPLY DOM *03.02.2017 Bhavani kam nach langer Suche und Recherche im Fr\u00fchjahr 2017 in unsere Familie. Wir danken Edyta sehr f\u00fcr ihr entgegengebrachtes Vertrauen, diesen kleinen Wirbelwind, unsere Frau Pink,\u00a0bei uns aufzunehmen. Sie stammt aus einem Wurf mit 9 Welpen, davon 5 H\u00fcndinnen und 4 R\u00fcden. Ihr Bruder lebt ebenfalls in &hellip; <a href=\"https:\/\/www.mavinga.de\/?page_id=785\" class=\"more-link\"><span class=\"screen-reader-text\">BHAVANI<\/span> weiterlesen <span class=\"meta-nav\">&rarr;<\/span><\/a><\/p>\n","protected":false},"author":1,"featured_media":0,"parent":0,"menu_order":0,"comment_status":"closed","ping_status":"closed","template":"","meta":[],"_links":{"self":[{"href":"https:\/\/www.mavinga.de\/index.php?rest_route=\/wp\/v2\/pages\/785"}],"collection":[{"href":"https:\/\/www.mavinga.de\/index.php?rest_route=\/wp\/v2\/pages"}],"about":[{"href":"https:\/\/www.mavinga.de\/index.php?rest_route=\/wp\/v2\/types\/page"}],"author":[{"embeddable":true,"href":"https:\/\/www.mavinga.de\/index.php?rest_route=\/wp\/v2\/users\/1"}],"replies":[{"embeddable":true,"href":"https:\/\/www.mavinga.de\/index.php?rest_route=%2Fwp%2Fv2%2Fcomments&post=785"}],"version-history":[{"count":8,"href":"https:\/\/www.mavinga.de\/index.php?rest_route=\/wp\/v2\/pages\/785\/revisions"}],"predecessor-version":[{"id":1190,"href":"https:\/\/www.mavinga.de\/index.php?rest_route=\/wp\/v2\/pages\/785\/revisions\/1190"}],"wp:attachment":[{"href":"https:\/\/www.mavinga.de\/index.php?rest_route=%2Fwp%2Fv2%2Fmedia&parent=785"}],"curies":[{"name":"wp","href":"https:\/\/api.w.org\/{rel}","templated":true}]}}