{"id":939,"date":"2018-09-02T16:37:40","date_gmt":"2018-09-02T14:37:40","guid":{"rendered":"http:\/\/www.rr-sanjo.de\/?page_id=939"},"modified":"2025-04-13T13:04:55","modified_gmt":"2025-04-13T11:04:55","slug":"unsere-hunde","status":"publish","type":"page","link":"https:\/\/www.mavinga.de\/?page_id=939","title":{"rendered":"Unsere Hunde"},"content":{"rendered":"<p><img loading=\"lazy\" class=\"aligncenter size-full wp-image-1747\" src=\"http:\/\/www.mavinga.de\/wp-content\/uploads\/img_6977.jpg\" alt=\"\" width=\"960\" height=\"640\" srcset=\"https:\/\/www.mavinga.de\/wp-content\/uploads\/img_6977.jpg 960w, https:\/\/www.mavinga.de\/wp-content\/uploads\/img_6977-768x512.jpg 768w\" sizes=\"(max-width: 960px) 100vw, 960px\" \/><\/p>\n<p>AKIA<\/p>\n<p>Titel: German Junior Winner<\/p>\n<p>MAVINGA Avengers feat. Wonderwoman<\/p>\n<p>(Dreamgirl Bhavani Cieply Dom &amp; Musambani Ekundi Sanjari)<\/p>\n<p>WT: 31.05.2020, ZZP uneingeschr\u00e4nkt bestanden im Juli 2022<\/p>\n<p>Gr\u00f6\u00dfe:\u00a0 64cm, Gewicht: 34 kg<\/p>\n<p>Farbe: red wheaten, HD A1, ED\/OCD frei, L\u00dcW: frei, DM frei, H\u00e4mophilie A+B: frei, Dilute: frei, JME: frei, Ridgegen: R\/R, B-Lokus: N\/bs ( Livergentr\u00e4gerin)<\/p>\n<p>&nbsp;<\/p>\n<p>&nbsp;<\/p>\n<p><img loading=\"lazy\" class=\"alignleft size-medium wp-image-916\" src=\"http:\/\/www.rr-sanjo.de\/wp-content\/uploads\/unbenannt-1608-200x300.jpg\" alt=\"\" width=\"200\" height=\"300\" srcset=\"https:\/\/www.mavinga.de\/wp-content\/uploads\/unbenannt-1608-200x300.jpg 200w, https:\/\/www.mavinga.de\/wp-content\/uploads\/unbenannt-1608-768x1152.jpg 768w, https:\/\/www.mavinga.de\/wp-content\/uploads\/unbenannt-1608-683x1024.jpg 683w\" sizes=\"(max-width: 200px) 100vw, 200px\" \/><\/p>\n<p>Bhavani<\/p>\n<p>nicht mehr im Zuchteinsatz<\/p>\n<p>Dreamgirl Bhavani Cieply Dom ( Can CH Scene Stealer of Course &amp; Pl CH\u00a0Maendeleo A-Team Angel Dreamgirl)<\/p>\n<p>WT: 03.02.2017, ZZP uneingeschr\u00e4nkt bestanden im September 2018<\/p>\n<p>Gr\u00f6\u00dfe: 63cm, Gewicht: 31,5 kg, Farbe : wheaten, HD A, ED\/OCD frei, L\u00dcW: frei, DM frei, H\u00e4mophilie B: frei, Dilute: frei, JME: frei, Ridgegen: R\/R, Herz: oB, Livergentr\u00e4gerin<\/p>\n<p>Pr\u00fcfungen: D.O.Q. Test 2.0 ( Hundef\u00fchrerschein), Begleithundepr\u00fcfung,<\/p>\n<p>&nbsp;<\/p>\n<p>&nbsp;<\/p>\n<p>&nbsp;<\/p>\n","protected":false},"excerpt":{"rendered":"<p>AKIA Titel: German Junior Winner MAVINGA Avengers feat. Wonderwoman (Dreamgirl Bhavani Cieply Dom &amp; Musambani Ekundi Sanjari) WT: 31.05.2020, ZZP uneingeschr\u00e4nkt bestanden im Juli 2022 Gr\u00f6\u00dfe:\u00a0 64cm, Gewicht: 34 kg Farbe: red wheaten, HD A1, ED\/OCD frei, L\u00dcW: frei, DM frei, H\u00e4mophilie A+B: frei, Dilute: frei, JME: frei, Ridgegen: R\/R, B-Lokus: N\/bs ( Livergentr\u00e4gerin) &nbsp; &hellip; <a href=\"https:\/\/www.mavinga.de\/?page_id=939\" class=\"more-link\"><span class=\"screen-reader-text\">Unsere Hunde<\/span> weiterlesen <span class=\"meta-nav\">&rarr;<\/span><\/a><\/p>\n","protected":false},"author":1,"featured_media":0,"parent":0,"menu_order":0,"comment_status":"closed","ping_status":"closed","template":"","meta":[],"_links":{"self":[{"href":"https:\/\/www.mavinga.de\/index.php?rest_route=\/wp\/v2\/pages\/939"}],"collection":[{"href":"https:\/\/www.mavinga.de\/index.php?rest_route=\/wp\/v2\/pages"}],"about":[{"href":"https:\/\/www.mavinga.de\/index.php?rest_route=\/wp\/v2\/types\/page"}],"author":[{"embeddable":true,"href":"https:\/\/www.mavinga.de\/index.php?rest_route=\/wp\/v2\/users\/1"}],"replies":[{"embeddable":true,"href":"https:\/\/www.mavinga.de\/index.php?rest_route=%2Fwp%2Fv2%2Fcomments&post=939"}],"version-history":[{"count":15,"href":"https:\/\/www.mavinga.de\/index.php?rest_route=\/wp\/v2\/pages\/939\/revisions"}],"predecessor-version":[{"id":2096,"href":"https:\/\/www.mavinga.de\/index.php?rest_route=\/wp\/v2\/pages\/939\/revisions\/2096"}],"wp:attachment":[{"href":"https:\/\/www.mavinga.de\/index.php?rest_route=%2Fwp%2Fv2%2Fmedia&parent=939"}],"curies":[{"name":"wp","href":"https:\/\/api.w.org\/{rel}","templated":true}]}}