{"id":956,"date":"2018-09-02T17:12:30","date_gmt":"2018-09-02T15:12:30","guid":{"rendered":"http:\/\/www.rr-sanjo.de\/?page_id=956"},"modified":"2024-09-30T10:23:45","modified_gmt":"2024-09-30T08:23:45","slug":"zucht","status":"publish","type":"page","link":"https:\/\/www.mavinga.de\/?page_id=956","title":{"rendered":"Unsere Zucht"},"content":{"rendered":"<p style=\"text-align: center;\">\n<p>Wir z\u00fcchten nach den strengen Vorgaben und Kontrollen der <a href=\"https:\/\/www.dzrr.de\/\">DZRR<\/a> ( Deutsche Z\u00fcchtergemeinschaft Rhodesian Ridgebacks), die dem VDH und der FCI unterliegt.<\/p>\n<p><img loading=\"lazy\" class=\"aligncenter size-medium wp-image-1001\" src=\"http:\/\/www.rr-sanjo.de\/wp-content\/uploads\/logo-DZRR-300x206.jpg\" alt=\"\" width=\"300\" height=\"206\" srcset=\"https:\/\/www.mavinga.de\/wp-content\/uploads\/logo-DZRR-300x206.jpg 300w, https:\/\/www.mavinga.de\/wp-content\/uploads\/logo-DZRR-768x526.jpg 768w, https:\/\/www.mavinga.de\/wp-content\/uploads\/logo-DZRR-1024x702.jpg 1024w, https:\/\/www.mavinga.de\/wp-content\/uploads\/logo-DZRR.jpg 1838w\" sizes=\"(max-width: 300px) 100vw, 300px\" \/><strong>Unsere Hunde sind frei von orthop\u00e4dischen Erkrankungen wie H\u00fcftgelenksdyplasie (HD), Ellbogendysplasie (ED) und Osteochondrosis Dissecans (OCD)<\/strong><i>. <\/i><strong>Ebenso sind unsere Hunde frei von Herz-, Schilddr\u00fcsen- oder Genmutationen wie zum Bsp. Juvenile Myoklonische Epilepsie<i>,<\/i> degenerative Myelopathie und H\u00e4mophilie B.<\/strong><\/p>\n<p><strong>Ebenfalls sind unsere Hunde frei von Allergien oder Futtermittelunvertr\u00e4glichkeiten.<\/strong><\/p>\n<p>Wir legen\u00a0 Wert auf Gesundheit und Wesensfestigkeit. Gesunde, charakterlich einwandfreie Ridgebacks zu z\u00fcchten, die dem Standard der FCI entsprechen, das ist unser Ziel.<\/p>\n<p>Unsere Hunde wurden bei der Zuchtzulassungspr\u00fcfung einer eingehenden Exterieurbeurteilung unterzogen, wie auch einem umfangreichen Wesenstest, in dem unter anderem die Kooperationsbereitschaft mit dem Hundef\u00fchrer, die Kontrollierbarkeit bei zum Bsp. pl\u00f6tzlich auftretenden Reizen und\u00a0die Konfliktverarbeitung \u00fcberpr\u00fcft wurde. Zudem wurde das Spielverhalten und das Umwelt- und sozialsichere Verhalten getestet.<\/p>\n<p>Unsere Hunde haben diese Pr\u00fcfung erfolgreich bestanden &#8211; n\u00e4heres unter ZZP der jeweiligen Hunde.<\/p>\n<h5><\/h5>\n<p>Wenn Sie Interesse an einem MAVINGA Welpen haben, freuen wir uns auf Ihren Anruf oder E-Mail!<\/p>\n<p>Wir geben unsere\u00a0Welpen nur in verantwortungsvolle H\u00e4nde nach pers\u00f6nlichem Kennenlernen ab!<\/p>\n<p><strong>Bettina und Jochen Behr<\/strong><\/p>\n<p><strong>D\u00fcrrenstr. 4,\u00a071720 Oberstenfeld, Baden-W\u00fcrttemberg<\/strong><\/p>\n<p><strong>Tel. 07062 \u2013 675814 \u00a0<\/strong><\/p>\n<p><strong><em>email: info@mavinga.de<\/em><\/strong><\/p>\n","protected":false},"excerpt":{"rendered":"<p>Wir z\u00fcchten nach den strengen Vorgaben und Kontrollen der DZRR ( Deutsche Z\u00fcchtergemeinschaft Rhodesian Ridgebacks), die dem VDH und der FCI unterliegt. Unsere Hunde sind frei von orthop\u00e4dischen Erkrankungen wie H\u00fcftgelenksdyplasie (HD), Ellbogendysplasie (ED) und Osteochondrosis Dissecans (OCD). Ebenso sind unsere Hunde frei von Herz-, Schilddr\u00fcsen- oder Genmutationen wie zum Bsp. Juvenile Myoklonische Epilepsie, degenerative &hellip; <a href=\"https:\/\/www.mavinga.de\/?page_id=956\" class=\"more-link\"><span class=\"screen-reader-text\">Unsere Zucht<\/span> weiterlesen <span class=\"meta-nav\">&rarr;<\/span><\/a><\/p>\n","protected":false},"author":1,"featured_media":0,"parent":0,"menu_order":0,"comment_status":"closed","ping_status":"closed","template":"","meta":[],"_links":{"self":[{"href":"https:\/\/www.mavinga.de\/index.php?rest_route=\/wp\/v2\/pages\/956"}],"collection":[{"href":"https:\/\/www.mavinga.de\/index.php?rest_route=\/wp\/v2\/pages"}],"about":[{"href":"https:\/\/www.mavinga.de\/index.php?rest_route=\/wp\/v2\/types\/page"}],"author":[{"embeddable":true,"href":"https:\/\/www.mavinga.de\/index.php?rest_route=\/wp\/v2\/users\/1"}],"replies":[{"embeddable":true,"href":"https:\/\/www.mavinga.de\/index.php?rest_route=%2Fwp%2Fv2%2Fcomments&post=956"}],"version-history":[{"count":13,"href":"https:\/\/www.mavinga.de\/index.php?rest_route=\/wp\/v2\/pages\/956\/revisions"}],"predecessor-version":[{"id":2039,"href":"https:\/\/www.mavinga.de\/index.php?rest_route=\/wp\/v2\/pages\/956\/revisions\/2039"}],"wp:attachment":[{"href":"https:\/\/www.mavinga.de\/index.php?rest_route=%2Fwp%2Fv2%2Fmedia&parent=956"}],"curies":[{"name":"wp","href":"https:\/\/api.w.org\/{rel}","templated":true}]}}